{"id":13627,"date":"2025-07-15T12:34:53","date_gmt":"2025-07-15T10:34:53","guid":{"rendered":"https:\/\/uj.adatbank.ro\/lexikon\/termek\/laskai-balint-lasvovius\/"},"modified":"2025-07-15T12:34:53","modified_gmt":"2025-07-15T10:34:53","slug":"laskai-balint-lasvovius","status":"publish","type":"product","link":"https:\/\/uj.adatbank.ro\/lexikon\/termek\/laskai-balint-lasvovius\/","title":{"rendered":"LASKAI B\u00e1lint, Lasvovius"},"content":{"rendered":"<p>? \u2020 ? : de\u00e1k. \u2013 B\u00e1thori Zsigmond fejedelem, a mv.-i Szent Gy\u00f6rgy utc\u00e1ban tal\u00e1lhat\u00f3 h\u00e1z\u00e1t, minden ad\u00f3 \u00e9s szolg\u00e1lat al\u00f3l \u00e9lete v\u00e9g\u00e9ig mentes\u00edtette (1584). <br \/><strong>Irod.:<\/strong> Id\u0151t\u00e1r 1<\/br><\/p>\n","protected":false},"excerpt":{"rendered":"<p>? \u2020 ? : de\u00e1k. \u2013 B\u00e1thori Zsigmond fejedelem, a mv.-i Szent Gy\u00f6rgy utc\u00e1ban tal\u00e1lhat\u00f3 h\u00e1z\u00e1t, minden ad\u00f3 \u00e9s szolg\u00e1lat al\u00f3l \u00e9lete v\u00e9g\u00e9ig mentes\u00edtette (1584). Irod.: Id\u0151t\u00e1r 1<\/p>\n","protected":false},"featured_media":0,"comment_status":"open","ping_status":"closed","template":"","meta":[],"product_brand":[],"product_cat":[137],"product_tag":[],"class_list":{"0":"post-13627","1":"product","2":"type-product","3":"status-publish","5":"product_cat-maros-megyei-eletrajzi-lexikon","7":"first","8":"instock","9":"shipping-taxable","10":"product-type-simple"},"_links":{"self":[{"href":"https:\/\/uj.adatbank.ro\/lexikon\/wp-json\/wp\/v2\/product\/13627","targetHints":{"allow":["GET"]}}],"collection":[{"href":"https:\/\/uj.adatbank.ro\/lexikon\/wp-json\/wp\/v2\/product"}],"about":[{"href":"https:\/\/uj.adatbank.ro\/lexikon\/wp-json\/wp\/v2\/types\/product"}],"replies":[{"embeddable":true,"href":"https:\/\/uj.adatbank.ro\/lexikon\/wp-json\/wp\/v2\/comments?post=13627"}],"wp:attachment":[{"href":"https:\/\/uj.adatbank.ro\/lexikon\/wp-json\/wp\/v2\/media?parent=13627"}],"wp:term":[{"taxonomy":"product_brand","embeddable":true,"href":"https:\/\/uj.adatbank.ro\/lexikon\/wp-json\/wp\/v2\/product_brand?post=13627"},{"taxonomy":"product_cat","embeddable":true,"href":"https:\/\/uj.adatbank.ro\/lexikon\/wp-json\/wp\/v2\/product_cat?post=13627"},{"taxonomy":"product_tag","embeddable":true,"href":"https:\/\/uj.adatbank.ro\/lexikon\/wp-json\/wp\/v2\/product_tag?post=13627"}],"curies":[{"name":"wp","href":"https:\/\/api.w.org\/{rel}","templated":true}]}}