{"id":13631,"date":"2025-07-15T12:34:59","date_gmt":"2025-07-15T10:34:59","guid":{"rendered":"https:\/\/uj.adatbank.ro\/lexikon\/termek\/laslo-ioan-laszlo-ioan\/"},"modified":"2025-07-15T12:34:59","modified_gmt":"2025-07-15T10:34:59","slug":"laslo-ioan-laszlo-ioan","status":"publish","type":"product","link":"https:\/\/uj.adatbank.ro\/lexikon\/termek\/laslo-ioan-laszlo-ioan\/","title":{"rendered":"LASLO, Ioan, L\u00e1szl\u00f3 Ioan"},"content":{"rendered":"<p>? \u2020 ?: g. kat. pap. \u2013 Kisszentl\u0151rinczen szolg\u00e1lt (1864 k.), amikor elk\u00fcldt\u00e9k a k\u00f6zs\u00e9g helyneveit Pesty Frigyes eg\u00e9sz Mo.-ra \u00e9s Erd\u00e9lyre kiterjedt helyn\u00e9vgy\u0171jt\u00e9s\u00e9be (1864\u201365). Sz\u00e9kelys\u00e1rdban szolg\u00e1lt (1868\u201372). <br \/><strong>Irod.:<\/strong> Pesty 2014; \u015eincan 2006<\/br><\/p>\n","protected":false},"excerpt":{"rendered":"<p>? \u2020 ?: g. kat. pap. \u2013 Kisszentl\u0151rinczen szolg\u00e1lt (1864 k.), amikor elk\u00fcldt\u00e9k a k\u00f6zs\u00e9g helyneveit Pesty Frigyes eg\u00e9sz Mo.-ra \u00e9s Erd\u00e9lyre kiterjedt helyn\u00e9vgy\u0171jt\u00e9s\u00e9be (1864\u201365). Sz\u00e9kelys\u00e1rdban szolg\u00e1lt (1868\u201372). Irod.: Pesty 2014; \u015eincan 2006<\/p>\n","protected":false},"featured_media":0,"comment_status":"open","ping_status":"closed","template":"","meta":[],"product_brand":[],"product_cat":[137],"product_tag":[],"class_list":{"0":"post-13631","1":"product","2":"type-product","3":"status-publish","5":"product_cat-maros-megyei-eletrajzi-lexikon","7":"first","8":"instock","9":"shipping-taxable","10":"product-type-simple"},"_links":{"self":[{"href":"https:\/\/uj.adatbank.ro\/lexikon\/wp-json\/wp\/v2\/product\/13631","targetHints":{"allow":["GET"]}}],"collection":[{"href":"https:\/\/uj.adatbank.ro\/lexikon\/wp-json\/wp\/v2\/product"}],"about":[{"href":"https:\/\/uj.adatbank.ro\/lexikon\/wp-json\/wp\/v2\/types\/product"}],"replies":[{"embeddable":true,"href":"https:\/\/uj.adatbank.ro\/lexikon\/wp-json\/wp\/v2\/comments?post=13631"}],"wp:attachment":[{"href":"https:\/\/uj.adatbank.ro\/lexikon\/wp-json\/wp\/v2\/media?parent=13631"}],"wp:term":[{"taxonomy":"product_brand","embeddable":true,"href":"https:\/\/uj.adatbank.ro\/lexikon\/wp-json\/wp\/v2\/product_brand?post=13631"},{"taxonomy":"product_cat","embeddable":true,"href":"https:\/\/uj.adatbank.ro\/lexikon\/wp-json\/wp\/v2\/product_cat?post=13631"},{"taxonomy":"product_tag","embeddable":true,"href":"https:\/\/uj.adatbank.ro\/lexikon\/wp-json\/wp\/v2\/product_tag?post=13631"}],"curies":[{"name":"wp","href":"https:\/\/api.w.org\/{rel}","templated":true}]}}