{"id":13632,"date":"2025-07-15T12:35:01","date_gmt":"2025-07-15T10:35:01","guid":{"rendered":"https:\/\/uj.adatbank.ro\/lexikon\/termek\/laslo-iuliu-laszlo-iuliu\/"},"modified":"2025-07-15T12:35:01","modified_gmt":"2025-07-15T10:35:01","slug":"laslo-iuliu-laszlo-iuliu","status":"publish","type":"product","link":"https:\/\/uj.adatbank.ro\/lexikon\/termek\/laslo-iuliu-laszlo-iuliu\/","title":{"rendered":"LASLO, Iuliu, L\u00e1szl\u00f3 Iuliu"},"content":{"rendered":"<p>? \u2020 ?: ort. pap. \u2013 Szolg\u00e1lt Andr\u00e1sfalv\u00e1n (1889\u201394), Sz\u00e9kelys\u00e1rdban (1894 \u2013 1906).-<br \/><strong>Irod.:<\/strong> \u015eincan 2006<\/br><\/p>\n","protected":false},"excerpt":{"rendered":"<p>? \u2020 ?: ort. pap. \u2013 Szolg\u00e1lt Andr\u00e1sfalv\u00e1n (1889\u201394), Sz\u00e9kelys\u00e1rdban (1894 \u2013 1906).-Irod.: \u015eincan 2006<\/p>\n","protected":false},"featured_media":0,"comment_status":"open","ping_status":"closed","template":"","meta":[],"product_brand":[],"product_cat":[137],"product_tag":[],"class_list":{"0":"post-13632","1":"product","2":"type-product","3":"status-publish","5":"product_cat-maros-megyei-eletrajzi-lexikon","7":"first","8":"instock","9":"shipping-taxable","10":"product-type-simple"},"_links":{"self":[{"href":"https:\/\/uj.adatbank.ro\/lexikon\/wp-json\/wp\/v2\/product\/13632","targetHints":{"allow":["GET"]}}],"collection":[{"href":"https:\/\/uj.adatbank.ro\/lexikon\/wp-json\/wp\/v2\/product"}],"about":[{"href":"https:\/\/uj.adatbank.ro\/lexikon\/wp-json\/wp\/v2\/types\/product"}],"replies":[{"embeddable":true,"href":"https:\/\/uj.adatbank.ro\/lexikon\/wp-json\/wp\/v2\/comments?post=13632"}],"wp:attachment":[{"href":"https:\/\/uj.adatbank.ro\/lexikon\/wp-json\/wp\/v2\/media?parent=13632"}],"wp:term":[{"taxonomy":"product_brand","embeddable":true,"href":"https:\/\/uj.adatbank.ro\/lexikon\/wp-json\/wp\/v2\/product_brand?post=13632"},{"taxonomy":"product_cat","embeddable":true,"href":"https:\/\/uj.adatbank.ro\/lexikon\/wp-json\/wp\/v2\/product_cat?post=13632"},{"taxonomy":"product_tag","embeddable":true,"href":"https:\/\/uj.adatbank.ro\/lexikon\/wp-json\/wp\/v2\/product_tag?post=13632"}],"curies":[{"name":"wp","href":"https:\/\/api.w.org\/{rel}","templated":true}]}}