{"id":13634,"date":"2025-07-15T12:35:07","date_gmt":"2025-07-15T10:35:07","guid":{"rendered":"https:\/\/uj.adatbank.ro\/lexikon\/termek\/laslo-nicolae-2\/"},"modified":"2025-07-15T12:35:07","modified_gmt":"2025-07-15T10:35:07","slug":"laslo-nicolae-2","status":"publish","type":"product","link":"https:\/\/uj.adatbank.ro\/lexikon\/termek\/laslo-nicolae-2\/","title":{"rendered":"LASLO, Nicolae"},"content":{"rendered":"<p>Marosszentgy\u00f6rgy, ? \u2020 ?: tan\u00edt\u00f3. \u2013 Sz\u00e9kelykereszt\u00faron v\u00e9gzett tan\u00edt\u00f3k\u00e9pz\u0151t. Marosszentgy\u00f6rgy\u00f6n oktatott a g.kat. iskol\u00e1ban 46 tanul\u00f3t (1883\u201391). A k\u00f6zs\u00e9gben \u00f6sszesen 42 \u00e9vig tan\u00edtott. <br \/><strong>Irod.:<\/strong> S\u00e2ngeorgiu de Mure\u015f \u2013 \u015ecoala<\/br><\/p>\n","protected":false},"excerpt":{"rendered":"<p>Marosszentgy\u00f6rgy, ? \u2020 ?: tan\u00edt\u00f3. \u2013 Sz\u00e9kelykereszt\u00faron v\u00e9gzett tan\u00edt\u00f3k\u00e9pz\u0151t. Marosszentgy\u00f6rgy\u00f6n oktatott a g.kat. iskol\u00e1ban 46 tanul\u00f3t (1883\u201391). A k\u00f6zs\u00e9gben \u00f6sszesen 42 \u00e9vig tan\u00edtott. Irod.: S\u00e2ngeorgiu de Mure\u015f \u2013 \u015ecoala<\/p>\n","protected":false},"featured_media":0,"comment_status":"open","ping_status":"closed","template":"","meta":[],"product_brand":[],"product_cat":[137],"product_tag":[],"class_list":{"0":"post-13634","1":"product","2":"type-product","3":"status-publish","5":"product_cat-maros-megyei-eletrajzi-lexikon","7":"first","8":"instock","9":"shipping-taxable","10":"product-type-simple"},"_links":{"self":[{"href":"https:\/\/uj.adatbank.ro\/lexikon\/wp-json\/wp\/v2\/product\/13634","targetHints":{"allow":["GET"]}}],"collection":[{"href":"https:\/\/uj.adatbank.ro\/lexikon\/wp-json\/wp\/v2\/product"}],"about":[{"href":"https:\/\/uj.adatbank.ro\/lexikon\/wp-json\/wp\/v2\/types\/product"}],"replies":[{"embeddable":true,"href":"https:\/\/uj.adatbank.ro\/lexikon\/wp-json\/wp\/v2\/comments?post=13634"}],"wp:attachment":[{"href":"https:\/\/uj.adatbank.ro\/lexikon\/wp-json\/wp\/v2\/media?parent=13634"}],"wp:term":[{"taxonomy":"product_brand","embeddable":true,"href":"https:\/\/uj.adatbank.ro\/lexikon\/wp-json\/wp\/v2\/product_brand?post=13634"},{"taxonomy":"product_cat","embeddable":true,"href":"https:\/\/uj.adatbank.ro\/lexikon\/wp-json\/wp\/v2\/product_cat?post=13634"},{"taxonomy":"product_tag","embeddable":true,"href":"https:\/\/uj.adatbank.ro\/lexikon\/wp-json\/wp\/v2\/product_tag?post=13634"}],"curies":[{"name":"wp","href":"https:\/\/api.w.org\/{rel}","templated":true}]}}