{"id":13635,"date":"2025-07-15T12:35:08","date_gmt":"2025-07-15T10:35:08","guid":{"rendered":"https:\/\/uj.adatbank.ro\/lexikon\/termek\/laslo-petru\/"},"modified":"2025-07-15T12:35:08","modified_gmt":"2025-07-15T10:35:08","slug":"laslo-petru","status":"publish","type":"product","link":"https:\/\/uj.adatbank.ro\/lexikon\/termek\/laslo-petru\/","title":{"rendered":"LASLO, Petru"},"content":{"rendered":"<p>Marosszentgy\u00f6rgy, ? \u2020 ? : tan\u00edt\u00f3. \u2013 D\u00e9v\u00e1n szerzett tan\u00edt\u00f3i okl.-t. 45 \u00e9vig tan\u00edtott a sz\u00fcl\u0151faluj\u00e1ban Marosszentgy\u00f6rgy\u00f6n. <br \/><strong>Irod.:<\/strong> S\u00e2ngeorgiu de Mure\u015f<\/br><\/p>\n","protected":false},"excerpt":{"rendered":"<p>Marosszentgy\u00f6rgy, ? \u2020 ? : tan\u00edt\u00f3. \u2013 D\u00e9v\u00e1n szerzett tan\u00edt\u00f3i okl.-t. 45 \u00e9vig tan\u00edtott a sz\u00fcl\u0151faluj\u00e1ban Marosszentgy\u00f6rgy\u00f6n. Irod.: S\u00e2ngeorgiu de Mure\u015f<\/p>\n","protected":false},"featured_media":0,"comment_status":"open","ping_status":"closed","template":"","meta":[],"product_brand":[],"product_cat":[137],"product_tag":[],"class_list":{"0":"post-13635","1":"product","2":"type-product","3":"status-publish","5":"product_cat-maros-megyei-eletrajzi-lexikon","7":"first","8":"instock","9":"shipping-taxable","10":"product-type-simple"},"_links":{"self":[{"href":"https:\/\/uj.adatbank.ro\/lexikon\/wp-json\/wp\/v2\/product\/13635","targetHints":{"allow":["GET"]}}],"collection":[{"href":"https:\/\/uj.adatbank.ro\/lexikon\/wp-json\/wp\/v2\/product"}],"about":[{"href":"https:\/\/uj.adatbank.ro\/lexikon\/wp-json\/wp\/v2\/types\/product"}],"replies":[{"embeddable":true,"href":"https:\/\/uj.adatbank.ro\/lexikon\/wp-json\/wp\/v2\/comments?post=13635"}],"wp:attachment":[{"href":"https:\/\/uj.adatbank.ro\/lexikon\/wp-json\/wp\/v2\/media?parent=13635"}],"wp:term":[{"taxonomy":"product_brand","embeddable":true,"href":"https:\/\/uj.adatbank.ro\/lexikon\/wp-json\/wp\/v2\/product_brand?post=13635"},{"taxonomy":"product_cat","embeddable":true,"href":"https:\/\/uj.adatbank.ro\/lexikon\/wp-json\/wp\/v2\/product_cat?post=13635"},{"taxonomy":"product_tag","embeddable":true,"href":"https:\/\/uj.adatbank.ro\/lexikon\/wp-json\/wp\/v2\/product_tag?post=13635"}],"curies":[{"name":"wp","href":"https:\/\/api.w.org\/{rel}","templated":true}]}}