{"id":13641,"date":"2025-07-15T12:35:19","date_gmt":"2025-07-15T10:35:19","guid":{"rendered":"https:\/\/uj.adatbank.ro\/lexikon\/termek\/laszlo-ladislaus-de-paszto-baro-de-pasztori\/"},"modified":"2025-07-15T12:35:19","modified_gmt":"2025-07-15T10:35:19","slug":"laszlo-ladislaus-de-paszto-baro-de-pasztori","status":"publish","type":"product","link":"https:\/\/uj.adatbank.ro\/lexikon\/termek\/laszlo-ladislaus-de-paszto-baro-de-pasztori\/","title":{"rendered":"L\u00c1SZL\u00d3, Ladislaus de P\u00e1szt\u00f3 baro \/ de P\u00e1sztori"},"content":{"rendered":"<p>? \u2020\u00a0?\u00a0: r. k. pap. \u2013 Gyulafeh\u00e9rv\u00e1ri f\u0151espereres-kanonok \u00e9s k\u00fck\u00fcll\u0151i f\u0151esperes volt (1400\u20131408). <br \/><strong>Irod.:<\/strong> Ferenczi S\u00e1ndor 2009<\/br><\/p>\n","protected":false},"excerpt":{"rendered":"<p>? \u2020\u00a0?\u00a0: r. k. pap. \u2013 Gyulafeh\u00e9rv\u00e1ri f\u0151espereres-kanonok \u00e9s k\u00fck\u00fcll\u0151i f\u0151esperes volt (1400\u20131408). Irod.: Ferenczi S\u00e1ndor 2009<\/p>\n","protected":false},"featured_media":0,"comment_status":"open","ping_status":"closed","template":"","meta":[],"product_brand":[],"product_cat":[137],"product_tag":[],"class_list":{"0":"post-13641","1":"product","2":"type-product","3":"status-publish","5":"product_cat-maros-megyei-eletrajzi-lexikon","7":"first","8":"instock","9":"shipping-taxable","10":"product-type-simple"},"_links":{"self":[{"href":"https:\/\/uj.adatbank.ro\/lexikon\/wp-json\/wp\/v2\/product\/13641","targetHints":{"allow":["GET"]}}],"collection":[{"href":"https:\/\/uj.adatbank.ro\/lexikon\/wp-json\/wp\/v2\/product"}],"about":[{"href":"https:\/\/uj.adatbank.ro\/lexikon\/wp-json\/wp\/v2\/types\/product"}],"replies":[{"embeddable":true,"href":"https:\/\/uj.adatbank.ro\/lexikon\/wp-json\/wp\/v2\/comments?post=13641"}],"wp:attachment":[{"href":"https:\/\/uj.adatbank.ro\/lexikon\/wp-json\/wp\/v2\/media?parent=13641"}],"wp:term":[{"taxonomy":"product_brand","embeddable":true,"href":"https:\/\/uj.adatbank.ro\/lexikon\/wp-json\/wp\/v2\/product_brand?post=13641"},{"taxonomy":"product_cat","embeddable":true,"href":"https:\/\/uj.adatbank.ro\/lexikon\/wp-json\/wp\/v2\/product_cat?post=13641"},{"taxonomy":"product_tag","embeddable":true,"href":"https:\/\/uj.adatbank.ro\/lexikon\/wp-json\/wp\/v2\/product_tag?post=13641"}],"curies":[{"name":"wp","href":"https:\/\/api.w.org\/{rel}","templated":true}]}}