{"id":13645,"date":"2025-07-15T12:35:29","date_gmt":"2025-07-15T10:35:29","guid":{"rendered":"https:\/\/uj.adatbank.ro\/lexikon\/termek\/laszlo-amalia\/"},"modified":"2025-07-15T12:35:29","modified_gmt":"2025-07-15T10:35:29","slug":"laszlo-amalia","status":"publish","type":"product","link":"https:\/\/uj.adatbank.ro\/lexikon\/termek\/laszlo-amalia\/","title":{"rendered":"L\u00c1SZL\u00d3 Am\u00e1lia"},"content":{"rendered":"<p>? \u2020\u00a0?: tan\u00e1r. \u2013 A mv.-i 6. sz. vagy 11 Remeteszegi iskola tan\u00e1ra (1973\u20132003), aligazgat\u00f3ja (1980\u201389; 1990\u20132000). <br \/><strong>Irod.:<\/strong> Gimnaziul Al. I. Cuza ; Remeteszeg<\/br><\/p>\n","protected":false},"excerpt":{"rendered":"<p>? \u2020\u00a0?: tan\u00e1r. \u2013 A mv.-i 6. sz. vagy 11 Remeteszegi iskola tan\u00e1ra (1973\u20132003), aligazgat\u00f3ja (1980\u201389; 1990\u20132000). Irod.: Gimnaziul Al. I. Cuza ; Remeteszeg<\/p>\n","protected":false},"featured_media":0,"comment_status":"open","ping_status":"closed","template":"","meta":[],"product_brand":[],"product_cat":[137],"product_tag":[],"class_list":{"0":"post-13645","1":"product","2":"type-product","3":"status-publish","5":"product_cat-maros-megyei-eletrajzi-lexikon","7":"first","8":"instock","9":"shipping-taxable","10":"product-type-simple"},"_links":{"self":[{"href":"https:\/\/uj.adatbank.ro\/lexikon\/wp-json\/wp\/v2\/product\/13645","targetHints":{"allow":["GET"]}}],"collection":[{"href":"https:\/\/uj.adatbank.ro\/lexikon\/wp-json\/wp\/v2\/product"}],"about":[{"href":"https:\/\/uj.adatbank.ro\/lexikon\/wp-json\/wp\/v2\/types\/product"}],"replies":[{"embeddable":true,"href":"https:\/\/uj.adatbank.ro\/lexikon\/wp-json\/wp\/v2\/comments?post=13645"}],"wp:attachment":[{"href":"https:\/\/uj.adatbank.ro\/lexikon\/wp-json\/wp\/v2\/media?parent=13645"}],"wp:term":[{"taxonomy":"product_brand","embeddable":true,"href":"https:\/\/uj.adatbank.ro\/lexikon\/wp-json\/wp\/v2\/product_brand?post=13645"},{"taxonomy":"product_cat","embeddable":true,"href":"https:\/\/uj.adatbank.ro\/lexikon\/wp-json\/wp\/v2\/product_cat?post=13645"},{"taxonomy":"product_tag","embeddable":true,"href":"https:\/\/uj.adatbank.ro\/lexikon\/wp-json\/wp\/v2\/product_tag?post=13645"}],"curies":[{"name":"wp","href":"https:\/\/api.w.org\/{rel}","templated":true}]}}