{"id":13648,"date":"2025-07-15T12:35:33","date_gmt":"2025-07-15T10:35:33","guid":{"rendered":"https:\/\/uj.adatbank.ro\/lexikon\/termek\/laszlo-andras-3\/"},"modified":"2025-07-15T12:35:33","modified_gmt":"2025-07-15T10:35:33","slug":"laszlo-andras-3","status":"publish","type":"product","link":"https:\/\/uj.adatbank.ro\/lexikon\/termek\/laszlo-andras-3\/","title":{"rendered":"L\u00c1SZL\u00d3 Andr\u00e1s"},"content":{"rendered":"<p>Geges, 1922. j\u00fan. 3.\u2020\u00a0Kotaj, 1944. okt.: honv\u00e9d \u2013 T\u00f3th R\u00f3za fia. \u2013 A 27. t\u00e1bori t\u00fcz\u00e9rezred, 2. \u00fctegben honv\u00e9d.H\u00e1trasz\u00e1ll\u00edt\u00e1s k\u00f6zben halt meg. <br \/><strong>Irod.:<\/strong> Berekm\u00e9ri 2015<\/br><\/p>\n","protected":false},"excerpt":{"rendered":"<p>Geges, 1922. j\u00fan. 3.\u2020\u00a0Kotaj, 1944. okt.: honv\u00e9d \u2013 T\u00f3th R\u00f3za fia. \u2013 A 27. t\u00e1bori t\u00fcz\u00e9rezred, 2. \u00fctegben honv\u00e9d.H\u00e1trasz\u00e1ll\u00edt\u00e1s k\u00f6zben halt meg. Irod.: Berekm\u00e9ri 2015<\/p>\n","protected":false},"featured_media":0,"comment_status":"open","ping_status":"closed","template":"","meta":[],"product_brand":[],"product_cat":[137],"product_tag":[],"class_list":{"0":"post-13648","1":"product","2":"type-product","3":"status-publish","5":"product_cat-maros-megyei-eletrajzi-lexikon","7":"first","8":"instock","9":"shipping-taxable","10":"product-type-simple"},"_links":{"self":[{"href":"https:\/\/uj.adatbank.ro\/lexikon\/wp-json\/wp\/v2\/product\/13648","targetHints":{"allow":["GET"]}}],"collection":[{"href":"https:\/\/uj.adatbank.ro\/lexikon\/wp-json\/wp\/v2\/product"}],"about":[{"href":"https:\/\/uj.adatbank.ro\/lexikon\/wp-json\/wp\/v2\/types\/product"}],"replies":[{"embeddable":true,"href":"https:\/\/uj.adatbank.ro\/lexikon\/wp-json\/wp\/v2\/comments?post=13648"}],"wp:attachment":[{"href":"https:\/\/uj.adatbank.ro\/lexikon\/wp-json\/wp\/v2\/media?parent=13648"}],"wp:term":[{"taxonomy":"product_brand","embeddable":true,"href":"https:\/\/uj.adatbank.ro\/lexikon\/wp-json\/wp\/v2\/product_brand?post=13648"},{"taxonomy":"product_cat","embeddable":true,"href":"https:\/\/uj.adatbank.ro\/lexikon\/wp-json\/wp\/v2\/product_cat?post=13648"},{"taxonomy":"product_tag","embeddable":true,"href":"https:\/\/uj.adatbank.ro\/lexikon\/wp-json\/wp\/v2\/product_tag?post=13648"}],"curies":[{"name":"wp","href":"https:\/\/api.w.org\/{rel}","templated":true}]}}