{"id":13650,"date":"2025-07-15T12:35:38","date_gmt":"2025-07-15T10:35:38","guid":{"rendered":"https:\/\/uj.adatbank.ro\/lexikon\/termek\/laszlo-andras-szovatai\/"},"modified":"2025-07-15T12:35:38","modified_gmt":"2025-07-15T10:35:38","slug":"laszlo-andras-szovatai","status":"publish","type":"product","link":"https:\/\/uj.adatbank.ro\/lexikon\/termek\/laszlo-andras-szovatai\/","title":{"rendered":"L\u00c1SZL\u00d3 Andr\u00e1s, szov\u00e1tai"},"content":{"rendered":"<p>? \u2020\u00a0?: l\u00f3f\u0151. \u2013 A csal\u00e1db\u00f3l nyert primipil\u00e1ris levelet (l\u00f3f\u0151s\u00e9get) (1655. j\u00fan. 28.). <br \/><strong>Irod.:<\/strong> Kempelen; P\u00e1lmay<\/br><\/p>\n","protected":false},"excerpt":{"rendered":"<p>? \u2020\u00a0?: l\u00f3f\u0151. \u2013 A csal\u00e1db\u00f3l nyert primipil\u00e1ris levelet (l\u00f3f\u0151s\u00e9get) (1655. j\u00fan. 28.). Irod.: Kempelen; P\u00e1lmay<\/p>\n","protected":false},"featured_media":0,"comment_status":"open","ping_status":"closed","template":"","meta":[],"product_brand":[],"product_cat":[137],"product_tag":[],"class_list":{"0":"post-13650","1":"product","2":"type-product","3":"status-publish","5":"product_cat-maros-megyei-eletrajzi-lexikon","7":"first","8":"instock","9":"shipping-taxable","10":"product-type-simple"},"_links":{"self":[{"href":"https:\/\/uj.adatbank.ro\/lexikon\/wp-json\/wp\/v2\/product\/13650","targetHints":{"allow":["GET"]}}],"collection":[{"href":"https:\/\/uj.adatbank.ro\/lexikon\/wp-json\/wp\/v2\/product"}],"about":[{"href":"https:\/\/uj.adatbank.ro\/lexikon\/wp-json\/wp\/v2\/types\/product"}],"replies":[{"embeddable":true,"href":"https:\/\/uj.adatbank.ro\/lexikon\/wp-json\/wp\/v2\/comments?post=13650"}],"wp:attachment":[{"href":"https:\/\/uj.adatbank.ro\/lexikon\/wp-json\/wp\/v2\/media?parent=13650"}],"wp:term":[{"taxonomy":"product_brand","embeddable":true,"href":"https:\/\/uj.adatbank.ro\/lexikon\/wp-json\/wp\/v2\/product_brand?post=13650"},{"taxonomy":"product_cat","embeddable":true,"href":"https:\/\/uj.adatbank.ro\/lexikon\/wp-json\/wp\/v2\/product_cat?post=13650"},{"taxonomy":"product_tag","embeddable":true,"href":"https:\/\/uj.adatbank.ro\/lexikon\/wp-json\/wp\/v2\/product_tag?post=13650"}],"curies":[{"name":"wp","href":"https:\/\/api.w.org\/{rel}","templated":true}]}}