{"id":13651,"date":"2025-07-15T12:35:40","date_gmt":"2025-07-15T10:35:40","guid":{"rendered":"https:\/\/uj.adatbank.ro\/lexikon\/termek\/laszlo-annamaria\/"},"modified":"2025-07-15T12:35:40","modified_gmt":"2025-07-15T10:35:40","slug":"laszlo-annamaria","status":"publish","type":"product","link":"https:\/\/uj.adatbank.ro\/lexikon\/termek\/laszlo-annamaria\/","title":{"rendered":"L\u00c1SZL\u00d3 Annam\u00e1ria"},"content":{"rendered":"<p>Mv., 1964. \u2020\u00a0Mv., 2010. dec. 21.: orvos, endokrinol\u00f3gus, egyetemi docens. \u2013 A Bolyai L\u00edc.-ban \u00e9retts\u00e9gizett (1982). Itt v\u00e9gzett az OGYI orvosi kar\u00e1n (1988). Seg\u00e9dorvos Kv.-on, \u00e9s Mv.-en. Gyakornok, Endokrinol\u00f3gus szakorvos, tan\u00e1rseg\u00e9d a MOGYI K\u00f3r\u00e9lettan katedr\u00e1j\u00e1n (1991), tan\u00e1rseg\u00e9d (1992\u2013), endokrin alorvos (1992\u20131995) \u00e9s szakorvos a megyei kinik\u00e1n (198\u2013).. Az orvostudom\u00e1nyok doktora, endokrinol\u00f3gus f\u0151orvos. <br \/><strong>Irod.:<\/strong> [Nekrol\u00f3g](N\u00fa., 2010. dec. 23.)<\/br><\/p>\n","protected":false},"excerpt":{"rendered":"<p>Mv., 1964. \u2020\u00a0Mv., 2010. dec. 21.: orvos, endokrinol\u00f3gus, egyetemi docens. \u2013 A Bolyai L\u00edc.-ban \u00e9retts\u00e9gizett (1982). Itt v\u00e9gzett az OGYI orvosi kar\u00e1n (1988). Seg\u00e9dorvos Kv.-on, \u00e9s Mv.-en. Gyakornok, Endokrinol\u00f3gus szakorvos, tan\u00e1rseg\u00e9d a MOGYI K\u00f3r\u00e9lettan katedr\u00e1j\u00e1n (1991), tan\u00e1rseg\u00e9d (1992\u2013), endokrin alorvos (1992\u20131995) \u00e9s szakorvos a megyei kinik\u00e1n (198\u2013).. Az orvostudom\u00e1nyok doktora, endokrinol\u00f3gus f\u0151orvos. Irod.: [Nekrol\u00f3g](N\u00fa., 2010. [&hellip;]<\/p>\n","protected":false},"featured_media":0,"comment_status":"open","ping_status":"closed","template":"","meta":[],"product_brand":[],"product_cat":[137],"product_tag":[],"class_list":{"0":"post-13651","1":"product","2":"type-product","3":"status-publish","5":"product_cat-maros-megyei-eletrajzi-lexikon","7":"first","8":"instock","9":"shipping-taxable","10":"product-type-simple"},"_links":{"self":[{"href":"https:\/\/uj.adatbank.ro\/lexikon\/wp-json\/wp\/v2\/product\/13651","targetHints":{"allow":["GET"]}}],"collection":[{"href":"https:\/\/uj.adatbank.ro\/lexikon\/wp-json\/wp\/v2\/product"}],"about":[{"href":"https:\/\/uj.adatbank.ro\/lexikon\/wp-json\/wp\/v2\/types\/product"}],"replies":[{"embeddable":true,"href":"https:\/\/uj.adatbank.ro\/lexikon\/wp-json\/wp\/v2\/comments?post=13651"}],"wp:attachment":[{"href":"https:\/\/uj.adatbank.ro\/lexikon\/wp-json\/wp\/v2\/media?parent=13651"}],"wp:term":[{"taxonomy":"product_brand","embeddable":true,"href":"https:\/\/uj.adatbank.ro\/lexikon\/wp-json\/wp\/v2\/product_brand?post=13651"},{"taxonomy":"product_cat","embeddable":true,"href":"https:\/\/uj.adatbank.ro\/lexikon\/wp-json\/wp\/v2\/product_cat?post=13651"},{"taxonomy":"product_tag","embeddable":true,"href":"https:\/\/uj.adatbank.ro\/lexikon\/wp-json\/wp\/v2\/product_tag?post=13651"}],"curies":[{"name":"wp","href":"https:\/\/api.w.org\/{rel}","templated":true}]}}