{"id":13653,"date":"2025-07-15T12:35:43","date_gmt":"2025-07-15T10:35:43","guid":{"rendered":"https:\/\/uj.adatbank.ro\/lexikon\/termek\/laszlo-berszan-magdolna\/"},"modified":"2025-07-15T12:35:43","modified_gmt":"2025-07-15T10:35:43","slug":"laszlo-berszan-magdolna","status":"publish","type":"product","link":"https:\/\/uj.adatbank.ro\/lexikon\/termek\/laszlo-berszan-magdolna\/","title":{"rendered":"L\u00c1SZL\u00d3 BERSZ\u00c1N Magdolna"},"content":{"rendered":"<p>Erd\u0151f\u00fcle (Kov\u00e1szna megye), 1933.\u2020\u00a02020.: orvos. \u2013 K\u00e9t l\u00e1nya orvos, a kisebbik meghalt. \u2013  Iskol\u00e1i: Bar\u00f3t, majd a Le\u00e1nyliceumban Sepsiszentgy\u00f6rgy\u00f6n \u00e9retts\u00e9gizett (1952). A MOGYI orvostan hallgat\u00f3ja (1954\u20131960). Vajdahunyadon k\u00f6rzeti orvos egy \u00e9vig.Mv.-en a MOGYI K\u00f3r\u00e9lettan Tansz\u00e9k\u00e9n tan\u00e1rseg\u00e9d (1962\u2013), majd adjunktus nyugd\u00edjaz\u00e1s\u00e1ig. <br \/><strong>Irod.:<\/strong> Kiss Cs. M 4.<\/br><\/p>\n","protected":false},"excerpt":{"rendered":"<p>Erd\u0151f\u00fcle (Kov\u00e1szna megye), 1933.\u2020\u00a02020.: orvos. \u2013 K\u00e9t l\u00e1nya orvos, a kisebbik meghalt. \u2013 Iskol\u00e1i: Bar\u00f3t, majd a Le\u00e1nyliceumban Sepsiszentgy\u00f6rgy\u00f6n \u00e9retts\u00e9gizett (1952). A MOGYI orvostan hallgat\u00f3ja (1954\u20131960). Vajdahunyadon k\u00f6rzeti orvos egy \u00e9vig.Mv.-en a MOGYI K\u00f3r\u00e9lettan Tansz\u00e9k\u00e9n tan\u00e1rseg\u00e9d (1962\u2013), majd adjunktus nyugd\u00edjaz\u00e1s\u00e1ig. Irod.: Kiss Cs. M 4.<\/p>\n","protected":false},"featured_media":0,"comment_status":"open","ping_status":"closed","template":"","meta":[],"product_brand":[],"product_cat":[137],"product_tag":[],"class_list":{"0":"post-13653","1":"product","2":"type-product","3":"status-publish","5":"product_cat-maros-megyei-eletrajzi-lexikon","7":"first","8":"instock","9":"shipping-taxable","10":"product-type-simple"},"_links":{"self":[{"href":"https:\/\/uj.adatbank.ro\/lexikon\/wp-json\/wp\/v2\/product\/13653","targetHints":{"allow":["GET"]}}],"collection":[{"href":"https:\/\/uj.adatbank.ro\/lexikon\/wp-json\/wp\/v2\/product"}],"about":[{"href":"https:\/\/uj.adatbank.ro\/lexikon\/wp-json\/wp\/v2\/types\/product"}],"replies":[{"embeddable":true,"href":"https:\/\/uj.adatbank.ro\/lexikon\/wp-json\/wp\/v2\/comments?post=13653"}],"wp:attachment":[{"href":"https:\/\/uj.adatbank.ro\/lexikon\/wp-json\/wp\/v2\/media?parent=13653"}],"wp:term":[{"taxonomy":"product_brand","embeddable":true,"href":"https:\/\/uj.adatbank.ro\/lexikon\/wp-json\/wp\/v2\/product_brand?post=13653"},{"taxonomy":"product_cat","embeddable":true,"href":"https:\/\/uj.adatbank.ro\/lexikon\/wp-json\/wp\/v2\/product_cat?post=13653"},{"taxonomy":"product_tag","embeddable":true,"href":"https:\/\/uj.adatbank.ro\/lexikon\/wp-json\/wp\/v2\/product_tag?post=13653"}],"curies":[{"name":"wp","href":"https:\/\/api.w.org\/{rel}","templated":true}]}}