{"id":13655,"date":"2025-07-15T12:35:47","date_gmt":"2025-07-15T10:35:47","guid":{"rendered":"https:\/\/uj.adatbank.ro\/lexikon\/termek\/laszlo-daniel\/"},"modified":"2025-07-15T12:35:47","modified_gmt":"2025-07-15T10:35:47","slug":"laszlo-daniel","status":"publish","type":"product","link":"https:\/\/uj.adatbank.ro\/lexikon\/termek\/laszlo-daniel\/","title":{"rendered":"L\u00c1SZL\u00d3 D\u00e1niel"},"content":{"rendered":"<p>? \u2020\u00a0?: k\u00e1ntortan\u00edt\u00f3. \u2013 Ny\u00e1r\u00e1dszentimr\u00e9n (1830\u20131833), Ny\u00e1r\u00e1dmagyar\u00f3son volt k\u00e1ntortan\u00edt\u00f3 (1833\u201365).<br \/><strong>Irod.:<\/strong> Imreh Barna; Ny\u00e1r\u00e1dmagyar\u00f3s le\u00e1nydombjai<\/br><\/p>\n","protected":false},"excerpt":{"rendered":"<p>? \u2020\u00a0?: k\u00e1ntortan\u00edt\u00f3. \u2013 Ny\u00e1r\u00e1dszentimr\u00e9n (1830\u20131833), Ny\u00e1r\u00e1dmagyar\u00f3son volt k\u00e1ntortan\u00edt\u00f3 (1833\u201365).Irod.: Imreh Barna; Ny\u00e1r\u00e1dmagyar\u00f3s le\u00e1nydombjai<\/p>\n","protected":false},"featured_media":0,"comment_status":"open","ping_status":"closed","template":"","meta":[],"product_brand":[],"product_cat":[137],"product_tag":[],"class_list":{"0":"post-13655","1":"product","2":"type-product","3":"status-publish","5":"product_cat-maros-megyei-eletrajzi-lexikon","7":"first","8":"instock","9":"shipping-taxable","10":"product-type-simple"},"_links":{"self":[{"href":"https:\/\/uj.adatbank.ro\/lexikon\/wp-json\/wp\/v2\/product\/13655","targetHints":{"allow":["GET"]}}],"collection":[{"href":"https:\/\/uj.adatbank.ro\/lexikon\/wp-json\/wp\/v2\/product"}],"about":[{"href":"https:\/\/uj.adatbank.ro\/lexikon\/wp-json\/wp\/v2\/types\/product"}],"replies":[{"embeddable":true,"href":"https:\/\/uj.adatbank.ro\/lexikon\/wp-json\/wp\/v2\/comments?post=13655"}],"wp:attachment":[{"href":"https:\/\/uj.adatbank.ro\/lexikon\/wp-json\/wp\/v2\/media?parent=13655"}],"wp:term":[{"taxonomy":"product_brand","embeddable":true,"href":"https:\/\/uj.adatbank.ro\/lexikon\/wp-json\/wp\/v2\/product_brand?post=13655"},{"taxonomy":"product_cat","embeddable":true,"href":"https:\/\/uj.adatbank.ro\/lexikon\/wp-json\/wp\/v2\/product_cat?post=13655"},{"taxonomy":"product_tag","embeddable":true,"href":"https:\/\/uj.adatbank.ro\/lexikon\/wp-json\/wp\/v2\/product_tag?post=13655"}],"curies":[{"name":"wp","href":"https:\/\/api.w.org\/{rel}","templated":true}]}}