{"id":13659,"date":"2025-07-15T12:35:55","date_gmt":"2025-07-15T10:35:55","guid":{"rendered":"https:\/\/uj.adatbank.ro\/lexikon\/termek\/laszlo-domokos\/"},"modified":"2025-07-15T12:35:55","modified_gmt":"2025-07-15T10:35:55","slug":"laszlo-domokos","status":"publish","type":"product","link":"https:\/\/uj.adatbank.ro\/lexikon\/termek\/laszlo-domokos\/","title":{"rendered":"L\u00c1SZL\u00d3 Domokos"},"content":{"rendered":"<p>M\u00e1r\u00e9falva, 1878. nov. 11., \u2020\u00a01959. nov. 22.: r. k. pl\u00e9b\u00e1nos. \u2013 Papp\u00e1 szentelt\u00e9k (1903. j\u00fan. 26.). K\u00e1pl\u00e1n Ny\u00e1r\u00e1dk\u00f6szv\u00e9nyesen, Jobb\u00e1gyfalv\u00e1n pl\u00e9b\u00e1nos (1905\u201318). El\u0151de, Fl\u00f3ri J\u00f3zsef, elkezdte a pl\u00e9b\u00e1nia \u00e9p\u00edt\u00e9s\u00e9t, amit \u00f6 befejezett (1906). Lelkip\u00e1sztor Sz\u00e9kelyvars\u00e1gon, majd Illyefalv\u00e1n. <br \/><strong>Irod.:<\/strong> Cs\u00edkfalva; Ferenczi S\u00e1ndor 2009; Maros-k\u00fck\u00fcll\u0151i f\u0151esp.<\/br><\/p>\n","protected":false},"excerpt":{"rendered":"<p>M\u00e1r\u00e9falva, 1878. nov. 11., \u2020\u00a01959. nov. 22.: r. k. pl\u00e9b\u00e1nos. \u2013 Papp\u00e1 szentelt\u00e9k (1903. j\u00fan. 26.). K\u00e1pl\u00e1n Ny\u00e1r\u00e1dk\u00f6szv\u00e9nyesen, Jobb\u00e1gyfalv\u00e1n pl\u00e9b\u00e1nos (1905\u201318). El\u0151de, Fl\u00f3ri J\u00f3zsef, elkezdte a pl\u00e9b\u00e1nia \u00e9p\u00edt\u00e9s\u00e9t, amit \u00f6 befejezett (1906). Lelkip\u00e1sztor Sz\u00e9kelyvars\u00e1gon, majd Illyefalv\u00e1n. Irod.: Cs\u00edkfalva; Ferenczi S\u00e1ndor 2009; Maros-k\u00fck\u00fcll\u0151i f\u0151esp.<\/p>\n","protected":false},"featured_media":0,"comment_status":"open","ping_status":"closed","template":"","meta":[],"product_brand":[],"product_cat":[137],"product_tag":[],"class_list":{"0":"post-13659","1":"product","2":"type-product","3":"status-publish","5":"product_cat-maros-megyei-eletrajzi-lexikon","7":"first","8":"instock","9":"shipping-taxable","10":"product-type-simple"},"_links":{"self":[{"href":"https:\/\/uj.adatbank.ro\/lexikon\/wp-json\/wp\/v2\/product\/13659","targetHints":{"allow":["GET"]}}],"collection":[{"href":"https:\/\/uj.adatbank.ro\/lexikon\/wp-json\/wp\/v2\/product"}],"about":[{"href":"https:\/\/uj.adatbank.ro\/lexikon\/wp-json\/wp\/v2\/types\/product"}],"replies":[{"embeddable":true,"href":"https:\/\/uj.adatbank.ro\/lexikon\/wp-json\/wp\/v2\/comments?post=13659"}],"wp:attachment":[{"href":"https:\/\/uj.adatbank.ro\/lexikon\/wp-json\/wp\/v2\/media?parent=13659"}],"wp:term":[{"taxonomy":"product_brand","embeddable":true,"href":"https:\/\/uj.adatbank.ro\/lexikon\/wp-json\/wp\/v2\/product_brand?post=13659"},{"taxonomy":"product_cat","embeddable":true,"href":"https:\/\/uj.adatbank.ro\/lexikon\/wp-json\/wp\/v2\/product_cat?post=13659"},{"taxonomy":"product_tag","embeddable":true,"href":"https:\/\/uj.adatbank.ro\/lexikon\/wp-json\/wp\/v2\/product_tag?post=13659"}],"curies":[{"name":"wp","href":"https:\/\/api.w.org\/{rel}","templated":true}]}}