{"id":13661,"date":"2025-07-15T12:36:00","date_gmt":"2025-07-15T10:36:00","guid":{"rendered":"https:\/\/uj.adatbank.ro\/lexikon\/termek\/laszlo-ferenc\/"},"modified":"2025-07-15T12:36:00","modified_gmt":"2025-07-15T10:36:00","slug":"laszlo-ferenc","status":"publish","type":"product","link":"https:\/\/uj.adatbank.ro\/lexikon\/termek\/laszlo-ferenc\/","title":{"rendered":"L\u00c1SZL\u00d3 Ferenc"},"content":{"rendered":"<p>Nyom\u00e1t, 1844. febr. 24., \u2020 ?: k\u00e1ntortan\u00edt\u00f3. \u2013 Nyom\u00e1ton v\u00e9gezte az elemi iskol\u00e1t, a mv.-i Ref. Koll.-ban szolgadi\u00e1k (1856\u2013), jogot is hallgatott, Nagyenyeden lp. jel\u00f6lt, oklevelet is itt szerzett (1876). Tan\u00edt\u00f3 lett Lozs\u00e1don (1870\u2013), majd Gernyeszegen (1871. m\u00e1j. \u2013). <br \/><strong>Irod.:<\/strong> B\u00f6jthe Andor<\/br><\/p>\n","protected":false},"excerpt":{"rendered":"<p>Nyom\u00e1t, 1844. febr. 24., \u2020 ?: k\u00e1ntortan\u00edt\u00f3. \u2013 Nyom\u00e1ton v\u00e9gezte az elemi iskol\u00e1t, a mv.-i Ref. Koll.-ban szolgadi\u00e1k (1856\u2013), jogot is hallgatott, Nagyenyeden lp. jel\u00f6lt, oklevelet is itt szerzett (1876). Tan\u00edt\u00f3 lett Lozs\u00e1don (1870\u2013), majd Gernyeszegen (1871. m\u00e1j. \u2013). Irod.: B\u00f6jthe Andor<\/p>\n","protected":false},"featured_media":0,"comment_status":"open","ping_status":"closed","template":"","meta":[],"product_brand":[],"product_cat":[137],"product_tag":[],"class_list":{"0":"post-13661","1":"product","2":"type-product","3":"status-publish","5":"product_cat-maros-megyei-eletrajzi-lexikon","7":"first","8":"instock","9":"shipping-taxable","10":"product-type-simple"},"_links":{"self":[{"href":"https:\/\/uj.adatbank.ro\/lexikon\/wp-json\/wp\/v2\/product\/13661","targetHints":{"allow":["GET"]}}],"collection":[{"href":"https:\/\/uj.adatbank.ro\/lexikon\/wp-json\/wp\/v2\/product"}],"about":[{"href":"https:\/\/uj.adatbank.ro\/lexikon\/wp-json\/wp\/v2\/types\/product"}],"replies":[{"embeddable":true,"href":"https:\/\/uj.adatbank.ro\/lexikon\/wp-json\/wp\/v2\/comments?post=13661"}],"wp:attachment":[{"href":"https:\/\/uj.adatbank.ro\/lexikon\/wp-json\/wp\/v2\/media?parent=13661"}],"wp:term":[{"taxonomy":"product_brand","embeddable":true,"href":"https:\/\/uj.adatbank.ro\/lexikon\/wp-json\/wp\/v2\/product_brand?post=13661"},{"taxonomy":"product_cat","embeddable":true,"href":"https:\/\/uj.adatbank.ro\/lexikon\/wp-json\/wp\/v2\/product_cat?post=13661"},{"taxonomy":"product_tag","embeddable":true,"href":"https:\/\/uj.adatbank.ro\/lexikon\/wp-json\/wp\/v2\/product_tag?post=13661"}],"curies":[{"name":"wp","href":"https:\/\/api.w.org\/{rel}","templated":true}]}}