{"id":13664,"date":"2025-07-15T12:36:04","date_gmt":"2025-07-15T10:36:04","guid":{"rendered":"https:\/\/uj.adatbank.ro\/lexikon\/termek\/laszlo-ferenc-4\/"},"modified":"2025-07-15T12:36:04","modified_gmt":"2025-07-15T10:36:04","slug":"laszlo-ferenc-4","status":"publish","type":"product","link":"https:\/\/uj.adatbank.ro\/lexikon\/termek\/laszlo-ferenc-4\/","title":{"rendered":"L\u00c1SZL\u00d3 Ferenc"},"content":{"rendered":"<p>1911, \u2020 Mv., 1991. aug. 19.: \u00fcgyv\u00e9d, jogtan\u00e1csos, dr. \u2013 A securitate megfigyeltette, mint horthysta k\u00e9met (1954. \u00e1pr.-j\u00fan..- 1958. j\u00fan.), kapcsolattart\u00e1s\u00e1t a volt horthysta k\u00e9melh\u00e1r\u00edt\u00f3 tisztekkel, ellen\u0151r\u00edzt\u00e9k a levelez\u00e9s\u00e9t. <br \/><strong>Irod.:<\/strong> [Nekrol\u00f3g] (N\u00fa., 1991. aug.21.)<\/br><\/p>\n","protected":false},"excerpt":{"rendered":"<p>1911, \u2020 Mv., 1991. aug. 19.: \u00fcgyv\u00e9d, jogtan\u00e1csos, dr. \u2013 A securitate megfigyeltette, mint horthysta k\u00e9met (1954. \u00e1pr.-j\u00fan..- 1958. j\u00fan.), kapcsolattart\u00e1s\u00e1t a volt horthysta k\u00e9melh\u00e1r\u00edt\u00f3 tisztekkel, ellen\u0151r\u00edzt\u00e9k a levelez\u00e9s\u00e9t. Irod.: [Nekrol\u00f3g] (N\u00fa., 1991. aug.21.)<\/p>\n","protected":false},"featured_media":0,"comment_status":"open","ping_status":"closed","template":"","meta":[],"product_brand":[],"product_cat":[137],"product_tag":[],"class_list":{"0":"post-13664","1":"product","2":"type-product","3":"status-publish","5":"product_cat-maros-megyei-eletrajzi-lexikon","7":"first","8":"instock","9":"shipping-taxable","10":"product-type-simple"},"_links":{"self":[{"href":"https:\/\/uj.adatbank.ro\/lexikon\/wp-json\/wp\/v2\/product\/13664","targetHints":{"allow":["GET"]}}],"collection":[{"href":"https:\/\/uj.adatbank.ro\/lexikon\/wp-json\/wp\/v2\/product"}],"about":[{"href":"https:\/\/uj.adatbank.ro\/lexikon\/wp-json\/wp\/v2\/types\/product"}],"replies":[{"embeddable":true,"href":"https:\/\/uj.adatbank.ro\/lexikon\/wp-json\/wp\/v2\/comments?post=13664"}],"wp:attachment":[{"href":"https:\/\/uj.adatbank.ro\/lexikon\/wp-json\/wp\/v2\/media?parent=13664"}],"wp:term":[{"taxonomy":"product_brand","embeddable":true,"href":"https:\/\/uj.adatbank.ro\/lexikon\/wp-json\/wp\/v2\/product_brand?post=13664"},{"taxonomy":"product_cat","embeddable":true,"href":"https:\/\/uj.adatbank.ro\/lexikon\/wp-json\/wp\/v2\/product_cat?post=13664"},{"taxonomy":"product_tag","embeddable":true,"href":"https:\/\/uj.adatbank.ro\/lexikon\/wp-json\/wp\/v2\/product_tag?post=13664"}],"curies":[{"name":"wp","href":"https:\/\/api.w.org\/{rel}","templated":true}]}}