{"id":13665,"date":"2025-07-15T12:36:06","date_gmt":"2025-07-15T10:36:06","guid":{"rendered":"https:\/\/uj.adatbank.ro\/lexikon\/termek\/laszlo-ferenc-5\/"},"modified":"2025-07-15T12:36:06","modified_gmt":"2025-07-15T10:36:06","slug":"laszlo-ferenc-5","status":"publish","type":"product","link":"https:\/\/uj.adatbank.ro\/lexikon\/termek\/laszlo-ferenc-5\/","title":{"rendered":"L\u00c1SZL\u00d3 Ferenc"},"content":{"rendered":"<p>Erd\u0151szentgy\u00f6rgy, 1913. j\u00fan. 9.,\u2020 Ratosnya, 1944. szept. 30.: honv\u00e9d. \u2013 A 27 \/ III. gyalog t\u00e1bori p\u00f3tz\u00e1szl\u00f3alj katon\u00e1jak\u00e9nt h\u0151si hal\u00e1lt halt. <br \/><strong>Irod.:<\/strong> Berekm\u00e9ri 2015<\/br><\/p>\n","protected":false},"excerpt":{"rendered":"<p>Erd\u0151szentgy\u00f6rgy, 1913. j\u00fan. 9.,\u2020 Ratosnya, 1944. szept. 30.: honv\u00e9d. \u2013 A 27 \/ III. gyalog t\u00e1bori p\u00f3tz\u00e1szl\u00f3alj katon\u00e1jak\u00e9nt h\u0151si hal\u00e1lt halt. Irod.: Berekm\u00e9ri 2015<\/p>\n","protected":false},"featured_media":0,"comment_status":"open","ping_status":"closed","template":"","meta":[],"product_brand":[],"product_cat":[137],"product_tag":[],"class_list":{"0":"post-13665","1":"product","2":"type-product","3":"status-publish","5":"product_cat-maros-megyei-eletrajzi-lexikon","7":"first","8":"instock","9":"shipping-taxable","10":"product-type-simple"},"_links":{"self":[{"href":"https:\/\/uj.adatbank.ro\/lexikon\/wp-json\/wp\/v2\/product\/13665","targetHints":{"allow":["GET"]}}],"collection":[{"href":"https:\/\/uj.adatbank.ro\/lexikon\/wp-json\/wp\/v2\/product"}],"about":[{"href":"https:\/\/uj.adatbank.ro\/lexikon\/wp-json\/wp\/v2\/types\/product"}],"replies":[{"embeddable":true,"href":"https:\/\/uj.adatbank.ro\/lexikon\/wp-json\/wp\/v2\/comments?post=13665"}],"wp:attachment":[{"href":"https:\/\/uj.adatbank.ro\/lexikon\/wp-json\/wp\/v2\/media?parent=13665"}],"wp:term":[{"taxonomy":"product_brand","embeddable":true,"href":"https:\/\/uj.adatbank.ro\/lexikon\/wp-json\/wp\/v2\/product_brand?post=13665"},{"taxonomy":"product_cat","embeddable":true,"href":"https:\/\/uj.adatbank.ro\/lexikon\/wp-json\/wp\/v2\/product_cat?post=13665"},{"taxonomy":"product_tag","embeddable":true,"href":"https:\/\/uj.adatbank.ro\/lexikon\/wp-json\/wp\/v2\/product_tag?post=13665"}],"curies":[{"name":"wp","href":"https:\/\/api.w.org\/{rel}","templated":true}]}}