{"id":13667,"date":"2025-07-15T12:36:10","date_gmt":"2025-07-15T10:36:10","guid":{"rendered":"https:\/\/uj.adatbank.ro\/lexikon\/termek\/laszlo-fulop\/"},"modified":"2025-07-15T12:36:10","modified_gmt":"2025-07-15T10:36:10","slug":"laszlo-fulop","status":"publish","type":"product","link":"https:\/\/uj.adatbank.ro\/lexikon\/termek\/laszlo-fulop\/","title":{"rendered":"L\u00c1SZL\u00d3 F\u00fcl\u00f6p"},"content":{"rendered":"<p>Sz\u00e9kelyhodos, 1738., \u2020 1810,: k\u00e1ntortan\u00edt\u00f3. \u2013 Feles\u00e9ge: Csisz\u00e1r Kata. Fiaik: L. Mih\u00e1ly (1764\u20131825) kanonok Gyulafeh\u00e9rv\u00e1ron \u00e9s Mv.-en; L. Ferenc (G\u00f6rg\u00e9nyszentimre, 1790.- Nagyszeben, 1847) jog\u00e1sz, \u00fcgyv\u00e9d Mv.-en \u00e9s Kv.-on; L. J\u00f3zsef (G\u00f6rg\u00e9nyszentimre, 1802.- Vajdahunyad, 1872). \u2013 G\u00f6rg\u00e9nyszentimr\u00e9n volt k\u00e1ntortan\u00edt\u00f3. <br \/><strong>Irod.:<\/strong> csal\u00e1di inf. Fodor Imr\u00e9t\u0151l<\/br><\/p>\n","protected":false},"excerpt":{"rendered":"<p>Sz\u00e9kelyhodos, 1738., \u2020 1810,: k\u00e1ntortan\u00edt\u00f3. \u2013 Feles\u00e9ge: Csisz\u00e1r Kata. Fiaik: L. Mih\u00e1ly (1764\u20131825) kanonok Gyulafeh\u00e9rv\u00e1ron \u00e9s Mv.-en; L. Ferenc (G\u00f6rg\u00e9nyszentimre, 1790.- Nagyszeben, 1847) jog\u00e1sz, \u00fcgyv\u00e9d Mv.-en \u00e9s Kv.-on; L. J\u00f3zsef (G\u00f6rg\u00e9nyszentimre, 1802.- Vajdahunyad, 1872). \u2013 G\u00f6rg\u00e9nyszentimr\u00e9n volt k\u00e1ntortan\u00edt\u00f3. Irod.: csal\u00e1di inf. Fodor Imr\u00e9t\u0151l<\/p>\n","protected":false},"featured_media":0,"comment_status":"open","ping_status":"closed","template":"","meta":[],"product_brand":[],"product_cat":[137],"product_tag":[],"class_list":{"0":"post-13667","1":"product","2":"type-product","3":"status-publish","5":"product_cat-maros-megyei-eletrajzi-lexikon","7":"first","8":"instock","9":"shipping-taxable","10":"product-type-simple"},"_links":{"self":[{"href":"https:\/\/uj.adatbank.ro\/lexikon\/wp-json\/wp\/v2\/product\/13667","targetHints":{"allow":["GET"]}}],"collection":[{"href":"https:\/\/uj.adatbank.ro\/lexikon\/wp-json\/wp\/v2\/product"}],"about":[{"href":"https:\/\/uj.adatbank.ro\/lexikon\/wp-json\/wp\/v2\/types\/product"}],"replies":[{"embeddable":true,"href":"https:\/\/uj.adatbank.ro\/lexikon\/wp-json\/wp\/v2\/comments?post=13667"}],"wp:attachment":[{"href":"https:\/\/uj.adatbank.ro\/lexikon\/wp-json\/wp\/v2\/media?parent=13667"}],"wp:term":[{"taxonomy":"product_brand","embeddable":true,"href":"https:\/\/uj.adatbank.ro\/lexikon\/wp-json\/wp\/v2\/product_brand?post=13667"},{"taxonomy":"product_cat","embeddable":true,"href":"https:\/\/uj.adatbank.ro\/lexikon\/wp-json\/wp\/v2\/product_cat?post=13667"},{"taxonomy":"product_tag","embeddable":true,"href":"https:\/\/uj.adatbank.ro\/lexikon\/wp-json\/wp\/v2\/product_tag?post=13667"}],"curies":[{"name":"wp","href":"https:\/\/api.w.org\/{rel}","templated":true}]}}