{"id":13669,"date":"2025-07-15T12:36:14","date_gmt":"2025-07-15T10:36:14","guid":{"rendered":"https:\/\/uj.adatbank.ro\/lexikon\/termek\/laszlo-geza\/"},"modified":"2025-07-15T12:36:14","modified_gmt":"2025-07-15T10:36:14","slug":"laszlo-geza","status":"publish","type":"product","link":"https:\/\/uj.adatbank.ro\/lexikon\/termek\/laszlo-geza\/","title":{"rendered":"L\u00c1SZL\u00d3 G\u00e9za"},"content":{"rendered":"<p>B\u00e1nfihunyad, 1891.febr. 11., \u2020\u00a0?: gy\u00f3gyszer\u00e9sz. \u2013 Kv.-on kapott gy\u00f3gyszer\u00e9sz oklevelet (1920). Mv.-en a Neago\u015f, Sabin Feh\u00e9r Kereszt gy\u00f3gyszert\u00e1r\u00e1nak alkalmazottja (1922). <br \/><strong>Irod.:<\/strong> P\u00e9ter H. M. 2013<\/br><\/p>\n","protected":false},"excerpt":{"rendered":"<p>B\u00e1nfihunyad, 1891.febr. 11., \u2020\u00a0?: gy\u00f3gyszer\u00e9sz. \u2013 Kv.-on kapott gy\u00f3gyszer\u00e9sz oklevelet (1920). Mv.-en a Neago\u015f, Sabin Feh\u00e9r Kereszt gy\u00f3gyszert\u00e1r\u00e1nak alkalmazottja (1922). Irod.: P\u00e9ter H. M. 2013<\/p>\n","protected":false},"featured_media":0,"comment_status":"open","ping_status":"closed","template":"","meta":[],"product_brand":[],"product_cat":[137],"product_tag":[],"class_list":{"0":"post-13669","1":"product","2":"type-product","3":"status-publish","5":"product_cat-maros-megyei-eletrajzi-lexikon","7":"first","8":"instock","9":"shipping-taxable","10":"product-type-simple"},"_links":{"self":[{"href":"https:\/\/uj.adatbank.ro\/lexikon\/wp-json\/wp\/v2\/product\/13669","targetHints":{"allow":["GET"]}}],"collection":[{"href":"https:\/\/uj.adatbank.ro\/lexikon\/wp-json\/wp\/v2\/product"}],"about":[{"href":"https:\/\/uj.adatbank.ro\/lexikon\/wp-json\/wp\/v2\/types\/product"}],"replies":[{"embeddable":true,"href":"https:\/\/uj.adatbank.ro\/lexikon\/wp-json\/wp\/v2\/comments?post=13669"}],"wp:attachment":[{"href":"https:\/\/uj.adatbank.ro\/lexikon\/wp-json\/wp\/v2\/media?parent=13669"}],"wp:term":[{"taxonomy":"product_brand","embeddable":true,"href":"https:\/\/uj.adatbank.ro\/lexikon\/wp-json\/wp\/v2\/product_brand?post=13669"},{"taxonomy":"product_cat","embeddable":true,"href":"https:\/\/uj.adatbank.ro\/lexikon\/wp-json\/wp\/v2\/product_cat?post=13669"},{"taxonomy":"product_tag","embeddable":true,"href":"https:\/\/uj.adatbank.ro\/lexikon\/wp-json\/wp\/v2\/product_tag?post=13669"}],"curies":[{"name":"wp","href":"https:\/\/api.w.org\/{rel}","templated":true}]}}