{"id":13673,"date":"2025-07-15T12:36:20","date_gmt":"2025-07-15T10:36:20","guid":{"rendered":"https:\/\/uj.adatbank.ro\/lexikon\/termek\/laszlo-gyorgy-szentrontasi-vagy-szentharomsagi\/"},"modified":"2025-07-15T12:36:20","modified_gmt":"2025-07-15T10:36:20","slug":"laszlo-gyorgy-szentrontasi-vagy-szentharomsagi","status":"publish","type":"product","link":"https:\/\/uj.adatbank.ro\/lexikon\/termek\/laszlo-gyorgy-szentrontasi-vagy-szentharomsagi\/","title":{"rendered":"L\u00c1SZL\u00d3 Gy\u00f6rgy, szentront\u00e1si vagy szenth\u00e1roms\u00e1gi"},"content":{"rendered":"<p>? \u2020\u00a0? : l\u00f3f\u0151. \u2013 A csal\u00e1db\u00f3l primipil\u00e1ris levelet (l\u00f3f\u0151s\u00e9get) nyert (1655. j\u00fan. 28.). <br \/><strong>Irod.:<\/strong> Kempelen; P\u00e1lmay<\/br><\/p>\n","protected":false},"excerpt":{"rendered":"<p>? \u2020\u00a0? : l\u00f3f\u0151. \u2013 A csal\u00e1db\u00f3l primipil\u00e1ris levelet (l\u00f3f\u0151s\u00e9get) nyert (1655. j\u00fan. 28.). Irod.: Kempelen; P\u00e1lmay<\/p>\n","protected":false},"featured_media":0,"comment_status":"open","ping_status":"closed","template":"","meta":[],"product_brand":[],"product_cat":[137],"product_tag":[],"class_list":{"0":"post-13673","1":"product","2":"type-product","3":"status-publish","5":"product_cat-maros-megyei-eletrajzi-lexikon","7":"first","8":"instock","9":"shipping-taxable","10":"product-type-simple"},"_links":{"self":[{"href":"https:\/\/uj.adatbank.ro\/lexikon\/wp-json\/wp\/v2\/product\/13673","targetHints":{"allow":["GET"]}}],"collection":[{"href":"https:\/\/uj.adatbank.ro\/lexikon\/wp-json\/wp\/v2\/product"}],"about":[{"href":"https:\/\/uj.adatbank.ro\/lexikon\/wp-json\/wp\/v2\/types\/product"}],"replies":[{"embeddable":true,"href":"https:\/\/uj.adatbank.ro\/lexikon\/wp-json\/wp\/v2\/comments?post=13673"}],"wp:attachment":[{"href":"https:\/\/uj.adatbank.ro\/lexikon\/wp-json\/wp\/v2\/media?parent=13673"}],"wp:term":[{"taxonomy":"product_brand","embeddable":true,"href":"https:\/\/uj.adatbank.ro\/lexikon\/wp-json\/wp\/v2\/product_brand?post=13673"},{"taxonomy":"product_cat","embeddable":true,"href":"https:\/\/uj.adatbank.ro\/lexikon\/wp-json\/wp\/v2\/product_cat?post=13673"},{"taxonomy":"product_tag","embeddable":true,"href":"https:\/\/uj.adatbank.ro\/lexikon\/wp-json\/wp\/v2\/product_tag?post=13673"}],"curies":[{"name":"wp","href":"https:\/\/api.w.org\/{rel}","templated":true}]}}