{"id":13677,"date":"2025-07-15T12:36:27","date_gmt":"2025-07-15T10:36:27","guid":{"rendered":"https:\/\/uj.adatbank.ro\/lexikon\/termek\/laszlo-imre\/"},"modified":"2025-07-15T12:36:27","modified_gmt":"2025-07-15T10:36:27","slug":"laszlo-imre","status":"publish","type":"product","link":"https:\/\/uj.adatbank.ro\/lexikon\/termek\/laszlo-imre\/","title":{"rendered":"L\u00c1SZL\u00d3 Imre"},"content":{"rendered":"<p>? \u2020\u00a0?: tan\u00e1r. \u2013 Szubregens volt \u00e9s f\u00f6ldrajzot, sz\u00e1mtant tan\u00edtott a mv.-i R. K. Gimn.-ban (1940\u201344 k.), r\u00e9szt vett az Erd\u00e9lyi Rk. Tan\u00e1rok Kongresszus\u00e1n Mv.-en (1943. j\u00fal. 4\u20135). <br \/><strong>Irod.:<\/strong> H\u00e1bor\u00fas nevel\u00e9s (Mv., 1943); R. K. Okt.\u20131<\/br><\/p>\n","protected":false},"excerpt":{"rendered":"<p>? \u2020\u00a0?: tan\u00e1r. \u2013 Szubregens volt \u00e9s f\u00f6ldrajzot, sz\u00e1mtant tan\u00edtott a mv.-i R. K. Gimn.-ban (1940\u201344 k.), r\u00e9szt vett az Erd\u00e9lyi Rk. Tan\u00e1rok Kongresszus\u00e1n Mv.-en (1943. j\u00fal. 4\u20135). Irod.: H\u00e1bor\u00fas nevel\u00e9s (Mv., 1943); R. K. Okt.\u20131<\/p>\n","protected":false},"featured_media":0,"comment_status":"open","ping_status":"closed","template":"","meta":[],"product_brand":[],"product_cat":[137],"product_tag":[],"class_list":{"0":"post-13677","1":"product","2":"type-product","3":"status-publish","5":"product_cat-maros-megyei-eletrajzi-lexikon","7":"first","8":"instock","9":"shipping-taxable","10":"product-type-simple"},"_links":{"self":[{"href":"https:\/\/uj.adatbank.ro\/lexikon\/wp-json\/wp\/v2\/product\/13677","targetHints":{"allow":["GET"]}}],"collection":[{"href":"https:\/\/uj.adatbank.ro\/lexikon\/wp-json\/wp\/v2\/product"}],"about":[{"href":"https:\/\/uj.adatbank.ro\/lexikon\/wp-json\/wp\/v2\/types\/product"}],"replies":[{"embeddable":true,"href":"https:\/\/uj.adatbank.ro\/lexikon\/wp-json\/wp\/v2\/comments?post=13677"}],"wp:attachment":[{"href":"https:\/\/uj.adatbank.ro\/lexikon\/wp-json\/wp\/v2\/media?parent=13677"}],"wp:term":[{"taxonomy":"product_brand","embeddable":true,"href":"https:\/\/uj.adatbank.ro\/lexikon\/wp-json\/wp\/v2\/product_brand?post=13677"},{"taxonomy":"product_cat","embeddable":true,"href":"https:\/\/uj.adatbank.ro\/lexikon\/wp-json\/wp\/v2\/product_cat?post=13677"},{"taxonomy":"product_tag","embeddable":true,"href":"https:\/\/uj.adatbank.ro\/lexikon\/wp-json\/wp\/v2\/product_tag?post=13677"}],"curies":[{"name":"wp","href":"https:\/\/api.w.org\/{rel}","templated":true}]}}