{"id":13680,"date":"2025-07-15T12:36:35","date_gmt":"2025-07-15T10:36:35","guid":{"rendered":"https:\/\/uj.adatbank.ro\/lexikon\/termek\/laszlo-istvan-3\/"},"modified":"2025-07-15T12:36:35","modified_gmt":"2025-07-15T10:36:35","slug":"laszlo-istvan-3","status":"publish","type":"product","link":"https:\/\/uj.adatbank.ro\/lexikon\/termek\/laszlo-istvan-3\/","title":{"rendered":"L\u00c1SZL\u00d3 Istv\u00e1n"},"content":{"rendered":"<p>? \u2020 Mv., 1916. j\u00fan. 17.: ezredes. \u2013 Feles\u00e9ge: Gy\u00f6rgyp\u00e1l Korn\u00e9lia. \u2013 M. kir. honv\u00e9d ezredes, a Ferenc J\u00f3zsef rend tiszti kereszt, a katonai \u00e9rdemkereszt \u00e9s a Signum Laudis tulajdonosa. <br \/><strong>Irod.:<\/strong> Gy\u00e1szjelent\u0151.<\/br><\/p>\n","protected":false},"excerpt":{"rendered":"<p>? \u2020 Mv., 1916. j\u00fan. 17.: ezredes. \u2013 Feles\u00e9ge: Gy\u00f6rgyp\u00e1l Korn\u00e9lia. \u2013 M. kir. honv\u00e9d ezredes, a Ferenc J\u00f3zsef rend tiszti kereszt, a katonai \u00e9rdemkereszt \u00e9s a Signum Laudis tulajdonosa. Irod.: Gy\u00e1szjelent\u0151.<\/p>\n","protected":false},"featured_media":0,"comment_status":"open","ping_status":"closed","template":"","meta":[],"product_brand":[],"product_cat":[137],"product_tag":[],"class_list":{"0":"post-13680","1":"product","2":"type-product","3":"status-publish","5":"product_cat-maros-megyei-eletrajzi-lexikon","7":"first","8":"instock","9":"shipping-taxable","10":"product-type-simple"},"_links":{"self":[{"href":"https:\/\/uj.adatbank.ro\/lexikon\/wp-json\/wp\/v2\/product\/13680","targetHints":{"allow":["GET"]}}],"collection":[{"href":"https:\/\/uj.adatbank.ro\/lexikon\/wp-json\/wp\/v2\/product"}],"about":[{"href":"https:\/\/uj.adatbank.ro\/lexikon\/wp-json\/wp\/v2\/types\/product"}],"replies":[{"embeddable":true,"href":"https:\/\/uj.adatbank.ro\/lexikon\/wp-json\/wp\/v2\/comments?post=13680"}],"wp:attachment":[{"href":"https:\/\/uj.adatbank.ro\/lexikon\/wp-json\/wp\/v2\/media?parent=13680"}],"wp:term":[{"taxonomy":"product_brand","embeddable":true,"href":"https:\/\/uj.adatbank.ro\/lexikon\/wp-json\/wp\/v2\/product_brand?post=13680"},{"taxonomy":"product_cat","embeddable":true,"href":"https:\/\/uj.adatbank.ro\/lexikon\/wp-json\/wp\/v2\/product_cat?post=13680"},{"taxonomy":"product_tag","embeddable":true,"href":"https:\/\/uj.adatbank.ro\/lexikon\/wp-json\/wp\/v2\/product_tag?post=13680"}],"curies":[{"name":"wp","href":"https:\/\/api.w.org\/{rel}","templated":true}]}}