{"id":13685,"date":"2025-07-15T12:36:44","date_gmt":"2025-07-15T10:36:44","guid":{"rendered":"https:\/\/uj.adatbank.ro\/lexikon\/termek\/laszlo-janos-3\/"},"modified":"2025-07-15T12:36:44","modified_gmt":"2025-07-15T10:36:44","slug":"laszlo-janos-3","status":"publish","type":"product","link":"https:\/\/uj.adatbank.ro\/lexikon\/termek\/laszlo-janos-3\/","title":{"rendered":"L\u00c1SZL\u00d3 J\u00e1nos"},"content":{"rendered":"<p>? \u2020\u00a0?: ref. tan\u00edt\u00f3. \u2013 Feles\u00e9ge B\u00edr\u00f3 Krisztina (1798). \u2013 Erd\u0151csin\u00e1don volt mester (1798 \u2013 1803). Ny\u00e1r\u00e1dsely\u00e9-ben tan\u00edtott (1838\u20131841), Nyom\u00e1ton (1841\u20131849). <br \/><strong>Irod.:<\/strong> Imreh Barna; \u0150sz<\/br><\/p>\n","protected":false},"excerpt":{"rendered":"<p>? \u2020\u00a0?: ref. tan\u00edt\u00f3. \u2013 Feles\u00e9ge B\u00edr\u00f3 Krisztina (1798). \u2013 Erd\u0151csin\u00e1don volt mester (1798 \u2013 1803). Ny\u00e1r\u00e1dsely\u00e9-ben tan\u00edtott (1838\u20131841), Nyom\u00e1ton (1841\u20131849). Irod.: Imreh Barna; \u0150sz<\/p>\n","protected":false},"featured_media":0,"comment_status":"open","ping_status":"closed","template":"","meta":[],"product_brand":[],"product_cat":[137],"product_tag":[],"class_list":{"0":"post-13685","1":"product","2":"type-product","3":"status-publish","5":"product_cat-maros-megyei-eletrajzi-lexikon","7":"first","8":"instock","9":"shipping-taxable","10":"product-type-simple"},"_links":{"self":[{"href":"https:\/\/uj.adatbank.ro\/lexikon\/wp-json\/wp\/v2\/product\/13685","targetHints":{"allow":["GET"]}}],"collection":[{"href":"https:\/\/uj.adatbank.ro\/lexikon\/wp-json\/wp\/v2\/product"}],"about":[{"href":"https:\/\/uj.adatbank.ro\/lexikon\/wp-json\/wp\/v2\/types\/product"}],"replies":[{"embeddable":true,"href":"https:\/\/uj.adatbank.ro\/lexikon\/wp-json\/wp\/v2\/comments?post=13685"}],"wp:attachment":[{"href":"https:\/\/uj.adatbank.ro\/lexikon\/wp-json\/wp\/v2\/media?parent=13685"}],"wp:term":[{"taxonomy":"product_brand","embeddable":true,"href":"https:\/\/uj.adatbank.ro\/lexikon\/wp-json\/wp\/v2\/product_brand?post=13685"},{"taxonomy":"product_cat","embeddable":true,"href":"https:\/\/uj.adatbank.ro\/lexikon\/wp-json\/wp\/v2\/product_cat?post=13685"},{"taxonomy":"product_tag","embeddable":true,"href":"https:\/\/uj.adatbank.ro\/lexikon\/wp-json\/wp\/v2\/product_tag?post=13685"}],"curies":[{"name":"wp","href":"https:\/\/api.w.org\/{rel}","templated":true}]}}