{"id":13687,"date":"2025-07-15T12:36:47","date_gmt":"2025-07-15T10:36:47","guid":{"rendered":"https:\/\/uj.adatbank.ro\/lexikon\/termek\/laszlo-janos-5\/"},"modified":"2025-07-15T12:36:47","modified_gmt":"2025-07-15T10:36:47","slug":"laszlo-janos-5","status":"publish","type":"product","link":"https:\/\/uj.adatbank.ro\/lexikon\/termek\/laszlo-janos-5\/","title":{"rendered":"L\u00c1SZL\u00d3 J\u00e1nos"},"content":{"rendered":"<p>Egrest\u0151, 1866. j\u00fal.12., \u2020\u00a01926. nov. 28. : r. k. pap. \u2013 Erzs\u00e9betv\u00e1roson, Mv.-en \u00e9s Gyulafeh\u00e9rv\u00e1ron tanult. Papp\u00e1 szentelt\u00e9k (1890. j\u00fal. 16.). K\u00e1pl\u00e1n volt Cs\u00edkszentsimon-Csat\u00f3szegen, Cs\u00edkszered\u00e1ban, Mv.-en (1895). Pl\u00e9b\u00e1nos Radn\u00f3ton (1896\u20131926), f\u0151esperes (1918). Cikkei a K\u00f6zm\u0171vel\u0151d\u00e9sben (1907). <br \/><strong>Irod.:<\/strong> Ferenczi S\u00e1ndor 2009; Guly\u00e1s; Maros-k\u00fck\u00fcll\u0151i f\u0151esp.<\/br><\/p>\n","protected":false},"excerpt":{"rendered":"<p>Egrest\u0151, 1866. j\u00fal.12., \u2020\u00a01926. nov. 28. : r. k. pap. \u2013 Erzs\u00e9betv\u00e1roson, Mv.-en \u00e9s Gyulafeh\u00e9rv\u00e1ron tanult. Papp\u00e1 szentelt\u00e9k (1890. j\u00fal. 16.). K\u00e1pl\u00e1n volt Cs\u00edkszentsimon-Csat\u00f3szegen, Cs\u00edkszered\u00e1ban, Mv.-en (1895). Pl\u00e9b\u00e1nos Radn\u00f3ton (1896\u20131926), f\u0151esperes (1918). Cikkei a K\u00f6zm\u0171vel\u0151d\u00e9sben (1907). Irod.: Ferenczi S\u00e1ndor 2009; Guly\u00e1s; Maros-k\u00fck\u00fcll\u0151i f\u0151esp.<\/p>\n","protected":false},"featured_media":0,"comment_status":"open","ping_status":"closed","template":"","meta":[],"product_brand":[],"product_cat":[137],"product_tag":[],"class_list":{"0":"post-13687","1":"product","2":"type-product","3":"status-publish","5":"product_cat-maros-megyei-eletrajzi-lexikon","7":"first","8":"instock","9":"shipping-taxable","10":"product-type-simple"},"_links":{"self":[{"href":"https:\/\/uj.adatbank.ro\/lexikon\/wp-json\/wp\/v2\/product\/13687","targetHints":{"allow":["GET"]}}],"collection":[{"href":"https:\/\/uj.adatbank.ro\/lexikon\/wp-json\/wp\/v2\/product"}],"about":[{"href":"https:\/\/uj.adatbank.ro\/lexikon\/wp-json\/wp\/v2\/types\/product"}],"replies":[{"embeddable":true,"href":"https:\/\/uj.adatbank.ro\/lexikon\/wp-json\/wp\/v2\/comments?post=13687"}],"wp:attachment":[{"href":"https:\/\/uj.adatbank.ro\/lexikon\/wp-json\/wp\/v2\/media?parent=13687"}],"wp:term":[{"taxonomy":"product_brand","embeddable":true,"href":"https:\/\/uj.adatbank.ro\/lexikon\/wp-json\/wp\/v2\/product_brand?post=13687"},{"taxonomy":"product_cat","embeddable":true,"href":"https:\/\/uj.adatbank.ro\/lexikon\/wp-json\/wp\/v2\/product_cat?post=13687"},{"taxonomy":"product_tag","embeddable":true,"href":"https:\/\/uj.adatbank.ro\/lexikon\/wp-json\/wp\/v2\/product_tag?post=13687"}],"curies":[{"name":"wp","href":"https:\/\/api.w.org\/{rel}","templated":true}]}}