{"id":13691,"date":"2025-07-15T12:36:57","date_gmt":"2025-07-15T10:36:57","guid":{"rendered":"https:\/\/uj.adatbank.ro\/lexikon\/termek\/laszlo-janos-9\/"},"modified":"2025-07-15T12:36:57","modified_gmt":"2025-07-15T10:36:57","slug":"laszlo-janos-9","status":"publish","type":"product","link":"https:\/\/uj.adatbank.ro\/lexikon\/termek\/laszlo-janos-9\/","title":{"rendered":"L\u00c1SZL\u00d3 J\u00e1nos"},"content":{"rendered":"<p>1907., \u2020 1979.: ref. lelk\u00e9sz. \u2013 Feles\u00e9ge: Schoger Frieda (\u00f6zv.,1912. \u2020 Mv., 1997. aug. 10.?). Zolt\u00e1n fia szint\u00e9n lelk\u00e9sz (1937\u20132002). \u2013 A szederjesi gy\u00fclekezet lelk\u00e9sze volt nyugd\u00edjaz\u00e1s\u00e1ig (1948\u20131973). <br \/><strong>Irod.:<\/strong> Cs\u00e1ky; Sch.F. [Nekrol\u00f3g] (1912- N\u00fa., 1997. aug. 12.)<\/br><\/p>\n","protected":false},"excerpt":{"rendered":"<p>1907., \u2020 1979.: ref. lelk\u00e9sz. \u2013 Feles\u00e9ge: Schoger Frieda (\u00f6zv.,1912. \u2020 Mv., 1997. aug. 10.?). Zolt\u00e1n fia szint\u00e9n lelk\u00e9sz (1937\u20132002). \u2013 A szederjesi gy\u00fclekezet lelk\u00e9sze volt nyugd\u00edjaz\u00e1s\u00e1ig (1948\u20131973). Irod.: Cs\u00e1ky; Sch.F. [Nekrol\u00f3g] (1912- N\u00fa., 1997. aug. 12.)<\/p>\n","protected":false},"featured_media":0,"comment_status":"open","ping_status":"closed","template":"","meta":[],"product_brand":[],"product_cat":[137],"product_tag":[],"class_list":{"0":"post-13691","1":"product","2":"type-product","3":"status-publish","5":"product_cat-maros-megyei-eletrajzi-lexikon","7":"first","8":"instock","9":"shipping-taxable","10":"product-type-simple"},"_links":{"self":[{"href":"https:\/\/uj.adatbank.ro\/lexikon\/wp-json\/wp\/v2\/product\/13691","targetHints":{"allow":["GET"]}}],"collection":[{"href":"https:\/\/uj.adatbank.ro\/lexikon\/wp-json\/wp\/v2\/product"}],"about":[{"href":"https:\/\/uj.adatbank.ro\/lexikon\/wp-json\/wp\/v2\/types\/product"}],"replies":[{"embeddable":true,"href":"https:\/\/uj.adatbank.ro\/lexikon\/wp-json\/wp\/v2\/comments?post=13691"}],"wp:attachment":[{"href":"https:\/\/uj.adatbank.ro\/lexikon\/wp-json\/wp\/v2\/media?parent=13691"}],"wp:term":[{"taxonomy":"product_brand","embeddable":true,"href":"https:\/\/uj.adatbank.ro\/lexikon\/wp-json\/wp\/v2\/product_brand?post=13691"},{"taxonomy":"product_cat","embeddable":true,"href":"https:\/\/uj.adatbank.ro\/lexikon\/wp-json\/wp\/v2\/product_cat?post=13691"},{"taxonomy":"product_tag","embeddable":true,"href":"https:\/\/uj.adatbank.ro\/lexikon\/wp-json\/wp\/v2\/product_tag?post=13691"}],"curies":[{"name":"wp","href":"https:\/\/api.w.org\/{rel}","templated":true}]}}