{"id":13692,"date":"2025-07-15T12:36:58","date_gmt":"2025-07-15T10:36:58","guid":{"rendered":"https:\/\/uj.adatbank.ro\/lexikon\/termek\/laszlo-janos-10\/"},"modified":"2025-07-15T12:36:58","modified_gmt":"2025-07-15T10:36:58","slug":"laszlo-janos-10","status":"publish","type":"product","link":"https:\/\/uj.adatbank.ro\/lexikon\/termek\/laszlo-janos-10\/","title":{"rendered":"L\u00c1SZL\u00d3 J\u00e1nos"},"content":{"rendered":"<p>T\u00f6vis, 1925.febr.21.\u2020Mv., 2011:orvos, egyetemi tan\u00e1r. A MOGYI orvoskar\u00e1n v\u00e9gzett (1951).Putnoly Gyula prof. mellett mikrobiol\u00f3gi\u00e1t tanulm\u00e1nyozta Szakter\u00fclete a mikrobiol\u00f3gia, virustan, a MOGYI Mikrobiol\u00f3giai \u00e9s V\u00edrustan katedra vezet\u0151je (1970\u20131991)Tansz\u00e9ken gyakornok (1948\u201352), tan\u00e1rseg\u00e9d (1952\u201353), adjunktus (1955\u201364), egyetemi tan\u00e1r (1964\u201368), orvostud. doktora (1967), professzor.Prod\u00e9k\u00e1n (1968\u20131976), rektor (1976\u201384), az utols\u00f3 magyar rektor. Kutat\u00e1sai a vior\u00f3gia \u00e9s bakteriol\u00f3gia t\u00e9m\u00e1ban t\u00f6bb mint 100 tanulm\u00e1nyt k\u00f6z\u00f6lt, a nemzetk\u00f6zi szakirodalom is sz\u00e1mon tartja. A Mikrobiol\u00f3gia \u00e9s virustan prof.(1976\u20131984). <br \/><strong>Irod.:<\/strong> EMKK 2000; Kiss\u2013P\u00e9terffy\u2013P\u00e9terffy; Kiss Cs. M 4.<\/br><\/p>\n","protected":false},"excerpt":{"rendered":"<p>T\u00f6vis, 1925.febr.21.\u2020Mv., 2011:orvos, egyetemi tan\u00e1r. A MOGYI orvoskar\u00e1n v\u00e9gzett (1951).Putnoly Gyula prof. mellett mikrobiol\u00f3gi\u00e1t tanulm\u00e1nyozta Szakter\u00fclete a mikrobiol\u00f3gia, virustan, a MOGYI Mikrobiol\u00f3giai \u00e9s V\u00edrustan katedra vezet\u0151je (1970\u20131991)Tansz\u00e9ken gyakornok (1948\u201352), tan\u00e1rseg\u00e9d (1952\u201353), adjunktus (1955\u201364), egyetemi tan\u00e1r (1964\u201368), orvostud. doktora (1967), professzor.Prod\u00e9k\u00e1n (1968\u20131976), rektor (1976\u201384), az utols\u00f3 magyar rektor. Kutat\u00e1sai a vior\u00f3gia \u00e9s bakteriol\u00f3gia t\u00e9m\u00e1ban t\u00f6bb mint [&hellip;]<\/p>\n","protected":false},"featured_media":0,"comment_status":"open","ping_status":"closed","template":"","meta":[],"product_brand":[],"product_cat":[137],"product_tag":[],"class_list":{"0":"post-13692","1":"product","2":"type-product","3":"status-publish","5":"product_cat-maros-megyei-eletrajzi-lexikon","7":"first","8":"instock","9":"shipping-taxable","10":"product-type-simple"},"_links":{"self":[{"href":"https:\/\/uj.adatbank.ro\/lexikon\/wp-json\/wp\/v2\/product\/13692","targetHints":{"allow":["GET"]}}],"collection":[{"href":"https:\/\/uj.adatbank.ro\/lexikon\/wp-json\/wp\/v2\/product"}],"about":[{"href":"https:\/\/uj.adatbank.ro\/lexikon\/wp-json\/wp\/v2\/types\/product"}],"replies":[{"embeddable":true,"href":"https:\/\/uj.adatbank.ro\/lexikon\/wp-json\/wp\/v2\/comments?post=13692"}],"wp:attachment":[{"href":"https:\/\/uj.adatbank.ro\/lexikon\/wp-json\/wp\/v2\/media?parent=13692"}],"wp:term":[{"taxonomy":"product_brand","embeddable":true,"href":"https:\/\/uj.adatbank.ro\/lexikon\/wp-json\/wp\/v2\/product_brand?post=13692"},{"taxonomy":"product_cat","embeddable":true,"href":"https:\/\/uj.adatbank.ro\/lexikon\/wp-json\/wp\/v2\/product_cat?post=13692"},{"taxonomy":"product_tag","embeddable":true,"href":"https:\/\/uj.adatbank.ro\/lexikon\/wp-json\/wp\/v2\/product_tag?post=13692"}],"curies":[{"name":"wp","href":"https:\/\/api.w.org\/{rel}","templated":true}]}}