{"id":13693,"date":"2025-07-15T12:36:59","date_gmt":"2025-07-15T10:36:59","guid":{"rendered":"https:\/\/uj.adatbank.ro\/lexikon\/termek\/laszlo-jozsef\/"},"modified":"2025-07-15T12:36:59","modified_gmt":"2025-07-15T10:36:59","slug":"laszlo-jozsef","status":"publish","type":"product","link":"https:\/\/uj.adatbank.ro\/lexikon\/termek\/laszlo-jozsef\/","title":{"rendered":"L\u00c1SZL\u00d3 J\u00f3zsef"},"content":{"rendered":"<p>Kutyfalva, 1932. febr. 12., \u2020 Mv., 2006. m\u00e1rc. 23. v. 24: orvos, prof., az MTA K\u00f6ztest\u00fclet\u00e9nek tagja (2003). \u2013 Feles\u00e9ge: L\u00e1szl\u00f3 Alla Grigorievna. \u2013 K\u00f6z\u00e9piskol\u00e1it Mv.-en a Ref. Koll.-ban kezdte majd a nagyenyedi Bethlen Koll.-ban \u00e9retts\u00e9gizett (1951); a MOGYI \u00c1ltal\u00e1nos Orvosi Kar\u00e1n tanult egy \u00e9vet, majd Moszkv\u00e1ban a Szecsenov Orvosi Egyetemen szerzett oklevelet (1957); doktor\u00e1lt (1973). A mv.-i OGYI \u00c9lettani Tansz\u00e9k\u00e9n kezdte p\u00e1ly\u00e1j\u00e1t mint gyakornok (1957\u201360), tan\u00e1rseg\u00e9d (1961\u201377), adjunktus \u00e9s a klinikai funkcion\u00e1lis vizsg\u00e1latok szakorvosa (1965\u2013), az Orvosi Elektronika \u00e9s Biokibernetikai tansz\u00e9k megszervez\u0151je \u00e9s vezet\u0151je (1978); el\u0151ad\u00f3tan\u00e1r (1990\u201391); professzor (1991\u20132002), az \u00c9lettani Tansz\u00e9k vezet\u0151je (1992- ); prod\u00e9k\u00e1n az \u00c1ltal\u00e1nos Orvosi Karon (1991\u201392); a Sapientia Egyetem Fiziol\u00f3gia Tansz\u00e9k\u00e9n tan\u00edtott (2002\u2013). Bekapcsol\u00f3dott az \u00fajj\u00e1alakult EME Orvostudom\u00e1nyi Szakoszt\u00e1ly\u00e1nak tev\u00e9kenys\u00e9g\u00e9be (1990), a szakoszt\u00e1ly eln\u00f6ke (1994\u201398). Kutat\u00e1si ter\u00fclete: a vese, a v\u00e9rkering\u00e9s \u00e9s az idegrendszer \u00e9lettana.T\u00edz \u00faj\u00edt\u00e1s szerz\u0151je, t\u00f6bb elektr\u00f3nikai k\u00e9sz\u00fcl\u00e9ke kissz\u00e9ri\u00e1s gy\u00e1rt\u00e1sba ker\u00fclt. Szakfoly\u00f3iratokban megjelent vagy bel- \u00e9s k\u00fclf\u00f6ldi tudom\u00e1nyos \u00f6sszej\u00f6veteleken el\u0151adott dolgozatainak sz\u00e1ma t\u00f6bb mint m\u00e1sf\u00e9l sz\u00e1z. A k\u00f6rnyezet \u00e9s az \u00e9l\u0151 szervezet viszony\u00e1r\u00f3l, a mem\u00f3ri\u00e1r\u00f3l a TETT (1985\/3 \u00e9s 1986\/4), a biol\u00f3giai \u00f6reged\u00e9sr\u0151l a H\u00e9t \u00c9vk\u00f6nyve (1987) has\u00e1bjain \u00e9rtekezett. K\u00f6z\u00f6lt: Orvosi Szemle, Revista Medical\u0103, Revista de fiziologie, Tett, A H\u00e9t \u00c9vk\u00f6nyve. <strong>Kit\u00fcntet\u00e9sei:<\/strong> a M. Professzorok Vil\u00e1gtan\u00e1csa Feh\u00e9r D\u00e1niel eml\u00e9k\u00e9rem (2001), a MOGYE kiv\u00e1l\u00f3 prof. (2002). Tagja volt a Rom\u00e1niai \u00c9lettani T\u00e1rsas\u00e1gnak, Nemzetk\u00f6zi \u00c9lettani T\u00e1rsas\u00e1g (IUPS); Eur\u00f3pai \u00c9lettani T\u00e1rsas\u00e1g (EUPS); Erd\u00e9lyi M\u00fazeum-Egyes\u00fclet, Bolyai T\u00e1rsas\u00e1g, OTT, Biofiz. T\u00e1rsas\u00e1gnak.- <strong>F. m.:<\/strong> Prelucrarea statistic\u0103 a datelor experimentale (Mv., 1973); <strong>t\u00e1rssz.:<\/strong> Az \u00e9letm\u0171k\u00f6d\u00e9sek szab\u00e1lyoz\u00e1sa az emberi azervezetben (Buk., 1981); Az emberi szervezet anyagcser\u00e9je \u00e9s energetik\u00e1ja (Szab\u00f3 Istv\u00e1nnal; Buk., 1985). <br \/><strong>Irod.:<\/strong> EMKK 2000; Genersich; Kiss-P.-P.; KKACs; Kiss Cs. M 4; Nagy Mikl\u00f3s Kund: Interj\u00fa L. J.-fel (V. Z., 1986. febr. 16.); [Nekrol\u00f3g] (N\u00fa., 2006. m\u00e1rc. 25.); P\u00e9ter; P\u00e9ter 2006; RMIL; RMKK; Tizenk\u00e9t \u00e9v; Who \u2019s who in Rom.<\/br><\/p>\n","protected":false},"excerpt":{"rendered":"<p>Kutyfalva, 1932. febr. 12., \u2020 Mv., 2006. m\u00e1rc. 23. v. 24: orvos, prof., az MTA K\u00f6ztest\u00fclet\u00e9nek tagja (2003). \u2013 Feles\u00e9ge: L\u00e1szl\u00f3 Alla Grigorievna. \u2013 K\u00f6z\u00e9piskol\u00e1it Mv.-en a Ref. Koll.-ban kezdte majd a nagyenyedi Bethlen Koll.-ban \u00e9retts\u00e9gizett (1951); a MOGYI \u00c1ltal\u00e1nos Orvosi Kar\u00e1n tanult egy \u00e9vet, majd Moszkv\u00e1ban a Szecsenov Orvosi Egyetemen szerzett oklevelet (1957); doktor\u00e1lt [&hellip;]<\/p>\n","protected":false},"featured_media":0,"comment_status":"open","ping_status":"closed","template":"","meta":[],"product_brand":[],"product_cat":[137],"product_tag":[],"class_list":{"0":"post-13693","1":"product","2":"type-product","3":"status-publish","5":"product_cat-maros-megyei-eletrajzi-lexikon","7":"first","8":"instock","9":"shipping-taxable","10":"product-type-simple"},"_links":{"self":[{"href":"https:\/\/uj.adatbank.ro\/lexikon\/wp-json\/wp\/v2\/product\/13693","targetHints":{"allow":["GET"]}}],"collection":[{"href":"https:\/\/uj.adatbank.ro\/lexikon\/wp-json\/wp\/v2\/product"}],"about":[{"href":"https:\/\/uj.adatbank.ro\/lexikon\/wp-json\/wp\/v2\/types\/product"}],"replies":[{"embeddable":true,"href":"https:\/\/uj.adatbank.ro\/lexikon\/wp-json\/wp\/v2\/comments?post=13693"}],"wp:attachment":[{"href":"https:\/\/uj.adatbank.ro\/lexikon\/wp-json\/wp\/v2\/media?parent=13693"}],"wp:term":[{"taxonomy":"product_brand","embeddable":true,"href":"https:\/\/uj.adatbank.ro\/lexikon\/wp-json\/wp\/v2\/product_brand?post=13693"},{"taxonomy":"product_cat","embeddable":true,"href":"https:\/\/uj.adatbank.ro\/lexikon\/wp-json\/wp\/v2\/product_cat?post=13693"},{"taxonomy":"product_tag","embeddable":true,"href":"https:\/\/uj.adatbank.ro\/lexikon\/wp-json\/wp\/v2\/product_tag?post=13693"}],"curies":[{"name":"wp","href":"https:\/\/api.w.org\/{rel}","templated":true}]}}