{"id":13695,"date":"2025-07-15T12:37:03","date_gmt":"2025-07-15T10:37:03","guid":{"rendered":"https:\/\/uj.adatbank.ro\/lexikon\/termek\/laszlo-jozsef-titi\/"},"modified":"2025-07-15T12:37:03","modified_gmt":"2025-07-15T10:37:03","slug":"laszlo-jozsef-titi","status":"publish","type":"product","link":"https:\/\/uj.adatbank.ro\/lexikon\/termek\/laszlo-jozsef-titi\/","title":{"rendered":"L\u00c1SZL\u00d3 J\u00f3zsef, Titi"},"content":{"rendered":"<p>Buk., ? \u2020 ? : labdar\u00fag\u00f3. \u2013 Hat\u00e9ves kor\u00e1t\u00f3l \u00e9lt Mv.-en; a Mure\u015ful, k\u00e9s\u0151bb a Transilvania vend\u00e9gl\u0151k f\u0151n\u00f6ke (1960\u2013). <br \/><strong>Irod.:<\/strong> N\u00fa (2004. nov. 15)<\/br><\/p>\n","protected":false},"excerpt":{"rendered":"<p>Buk., ? \u2020 ? : labdar\u00fag\u00f3. \u2013 Hat\u00e9ves kor\u00e1t\u00f3l \u00e9lt Mv.-en; a Mure\u015ful, k\u00e9s\u0151bb a Transilvania vend\u00e9gl\u0151k f\u0151n\u00f6ke (1960\u2013). Irod.: N\u00fa (2004. nov. 15)<\/p>\n","protected":false},"featured_media":0,"comment_status":"open","ping_status":"closed","template":"","meta":[],"product_brand":[],"product_cat":[137],"product_tag":[],"class_list":{"0":"post-13695","1":"product","2":"type-product","3":"status-publish","5":"product_cat-maros-megyei-eletrajzi-lexikon","7":"first","8":"instock","9":"shipping-taxable","10":"product-type-simple"},"_links":{"self":[{"href":"https:\/\/uj.adatbank.ro\/lexikon\/wp-json\/wp\/v2\/product\/13695","targetHints":{"allow":["GET"]}}],"collection":[{"href":"https:\/\/uj.adatbank.ro\/lexikon\/wp-json\/wp\/v2\/product"}],"about":[{"href":"https:\/\/uj.adatbank.ro\/lexikon\/wp-json\/wp\/v2\/types\/product"}],"replies":[{"embeddable":true,"href":"https:\/\/uj.adatbank.ro\/lexikon\/wp-json\/wp\/v2\/comments?post=13695"}],"wp:attachment":[{"href":"https:\/\/uj.adatbank.ro\/lexikon\/wp-json\/wp\/v2\/media?parent=13695"}],"wp:term":[{"taxonomy":"product_brand","embeddable":true,"href":"https:\/\/uj.adatbank.ro\/lexikon\/wp-json\/wp\/v2\/product_brand?post=13695"},{"taxonomy":"product_cat","embeddable":true,"href":"https:\/\/uj.adatbank.ro\/lexikon\/wp-json\/wp\/v2\/product_cat?post=13695"},{"taxonomy":"product_tag","embeddable":true,"href":"https:\/\/uj.adatbank.ro\/lexikon\/wp-json\/wp\/v2\/product_tag?post=13695"}],"curies":[{"name":"wp","href":"https:\/\/api.w.org\/{rel}","templated":true}]}}