{"id":13698,"date":"2025-07-15T12:37:08","date_gmt":"2025-07-15T10:37:08","guid":{"rendered":"https:\/\/uj.adatbank.ro\/lexikon\/termek\/laszlo-lajos\/"},"modified":"2025-07-15T12:37:08","modified_gmt":"2025-07-15T10:37:08","slug":"laszlo-lajos","status":"publish","type":"product","link":"https:\/\/uj.adatbank.ro\/lexikon\/termek\/laszlo-lajos\/","title":{"rendered":"L\u00c1SZL\u00d3 Lajos"},"content":{"rendered":"<p>1883\u00a0\u2020\u00a0?\u00a0: sz\u00f6vetkezeti \u00fczletvezet\u0151. \u2013 Iskol\u00e1i elv\u00e9gz\u00e9se ut\u00e1n a sz\u00fcl\u0151i h\u00e1zn\u00e1l gazd\u00e1lkod\u00e1st tanult, majd a keresked\u0151i p\u00e1ly\u00e1ra l\u00e9pett \u00e9s a Hangy\u00e1n\u00e1l dolgozott Kib\u00e9den (1910\u2013). Az els\u0151 vh.-ban a II. v\u00e1rt\u0171z\u00e9rezredben a szerb, montenegr\u00f3i, orosz \u00e9s olasz fronton harcolt \u00e9s mint t\u0171zmester szerelt le. Az I. \u00e9s II ez\u00fcst, a bronz v. \u00e9. \u00e9s a K\u00e1roly Csapatkereszt kit\u00fcntetettje. <br \/><strong>Irod.:<\/strong> Sz\u00e9kelyf\u00f6ld \u00ed.k<\/br><\/p>\n","protected":false},"excerpt":{"rendered":"<p>1883\u00a0\u2020\u00a0?\u00a0: sz\u00f6vetkezeti \u00fczletvezet\u0151. \u2013 Iskol\u00e1i elv\u00e9gz\u00e9se ut\u00e1n a sz\u00fcl\u0151i h\u00e1zn\u00e1l gazd\u00e1lkod\u00e1st tanult, majd a keresked\u0151i p\u00e1ly\u00e1ra l\u00e9pett \u00e9s a Hangy\u00e1n\u00e1l dolgozott Kib\u00e9den (1910\u2013). Az els\u0151 vh.-ban a II. v\u00e1rt\u0171z\u00e9rezredben a szerb, montenegr\u00f3i, orosz \u00e9s olasz fronton harcolt \u00e9s mint t\u0171zmester szerelt le. Az I. \u00e9s II ez\u00fcst, a bronz v. \u00e9. \u00e9s a K\u00e1roly Csapatkereszt [&hellip;]<\/p>\n","protected":false},"featured_media":0,"comment_status":"open","ping_status":"closed","template":"","meta":[],"product_brand":[],"product_cat":[137],"product_tag":[],"class_list":{"0":"post-13698","1":"product","2":"type-product","3":"status-publish","5":"product_cat-maros-megyei-eletrajzi-lexikon","7":"first","8":"instock","9":"shipping-taxable","10":"product-type-simple"},"_links":{"self":[{"href":"https:\/\/uj.adatbank.ro\/lexikon\/wp-json\/wp\/v2\/product\/13698","targetHints":{"allow":["GET"]}}],"collection":[{"href":"https:\/\/uj.adatbank.ro\/lexikon\/wp-json\/wp\/v2\/product"}],"about":[{"href":"https:\/\/uj.adatbank.ro\/lexikon\/wp-json\/wp\/v2\/types\/product"}],"replies":[{"embeddable":true,"href":"https:\/\/uj.adatbank.ro\/lexikon\/wp-json\/wp\/v2\/comments?post=13698"}],"wp:attachment":[{"href":"https:\/\/uj.adatbank.ro\/lexikon\/wp-json\/wp\/v2\/media?parent=13698"}],"wp:term":[{"taxonomy":"product_brand","embeddable":true,"href":"https:\/\/uj.adatbank.ro\/lexikon\/wp-json\/wp\/v2\/product_brand?post=13698"},{"taxonomy":"product_cat","embeddable":true,"href":"https:\/\/uj.adatbank.ro\/lexikon\/wp-json\/wp\/v2\/product_cat?post=13698"},{"taxonomy":"product_tag","embeddable":true,"href":"https:\/\/uj.adatbank.ro\/lexikon\/wp-json\/wp\/v2\/product_tag?post=13698"}],"curies":[{"name":"wp","href":"https:\/\/api.w.org\/{rel}","templated":true}]}}