{"id":13700,"date":"2025-07-15T12:37:12","date_gmt":"2025-07-15T10:37:12","guid":{"rendered":"https:\/\/uj.adatbank.ro\/lexikon\/termek\/laszlo-lora\/"},"modified":"2025-07-15T12:37:12","modified_gmt":"2025-07-15T10:37:12","slug":"laszlo-lora","status":"publish","type":"product","link":"https:\/\/uj.adatbank.ro\/lexikon\/termek\/laszlo-lora\/","title":{"rendered":"L\u00c1SZL\u00d3 L\u00f3ra"},"content":{"rendered":"<p>Iszl\u00f3, 1914.,\u00a0\u2020\u00a0?\u00a0: tan\u00edt\u00f3n\u0151. \u2013 Tanulm\u00e1nyait Kv.-on v\u00e9gezte \u00e9s Cs\u00edkfalv\u00e1n kezdett tan\u00edtani (1940), majd Ny\u00e1r\u00e1dszentm\u00e1rtonba ker\u00fclt. A magyar kult\u00fara lelkes \u00e9s megb\u00edzhat\u00f3 t\u00e1mogat\u00f3ja volt. <br \/><strong>Irod.:<\/strong> Sz\u00e9kelyf\u00f6ld \u00ed.k<\/br><\/p>\n","protected":false},"excerpt":{"rendered":"<p>Iszl\u00f3, 1914.,\u00a0\u2020\u00a0?\u00a0: tan\u00edt\u00f3n\u0151. \u2013 Tanulm\u00e1nyait Kv.-on v\u00e9gezte \u00e9s Cs\u00edkfalv\u00e1n kezdett tan\u00edtani (1940), majd Ny\u00e1r\u00e1dszentm\u00e1rtonba ker\u00fclt. A magyar kult\u00fara lelkes \u00e9s megb\u00edzhat\u00f3 t\u00e1mogat\u00f3ja volt. Irod.: Sz\u00e9kelyf\u00f6ld \u00ed.k<\/p>\n","protected":false},"featured_media":0,"comment_status":"open","ping_status":"closed","template":"","meta":[],"product_brand":[],"product_cat":[137],"product_tag":[],"class_list":{"0":"post-13700","1":"product","2":"type-product","3":"status-publish","5":"product_cat-maros-megyei-eletrajzi-lexikon","7":"first","8":"instock","9":"shipping-taxable","10":"product-type-simple"},"_links":{"self":[{"href":"https:\/\/uj.adatbank.ro\/lexikon\/wp-json\/wp\/v2\/product\/13700","targetHints":{"allow":["GET"]}}],"collection":[{"href":"https:\/\/uj.adatbank.ro\/lexikon\/wp-json\/wp\/v2\/product"}],"about":[{"href":"https:\/\/uj.adatbank.ro\/lexikon\/wp-json\/wp\/v2\/types\/product"}],"replies":[{"embeddable":true,"href":"https:\/\/uj.adatbank.ro\/lexikon\/wp-json\/wp\/v2\/comments?post=13700"}],"wp:attachment":[{"href":"https:\/\/uj.adatbank.ro\/lexikon\/wp-json\/wp\/v2\/media?parent=13700"}],"wp:term":[{"taxonomy":"product_brand","embeddable":true,"href":"https:\/\/uj.adatbank.ro\/lexikon\/wp-json\/wp\/v2\/product_brand?post=13700"},{"taxonomy":"product_cat","embeddable":true,"href":"https:\/\/uj.adatbank.ro\/lexikon\/wp-json\/wp\/v2\/product_cat?post=13700"},{"taxonomy":"product_tag","embeddable":true,"href":"https:\/\/uj.adatbank.ro\/lexikon\/wp-json\/wp\/v2\/product_tag?post=13700"}],"curies":[{"name":"wp","href":"https:\/\/api.w.org\/{rel}","templated":true}]}}