{"id":13703,"date":"2025-07-15T12:37:20","date_gmt":"2025-07-15T10:37:20","guid":{"rendered":"https:\/\/uj.adatbank.ro\/lexikon\/termek\/laszlo-marton\/"},"modified":"2025-07-15T12:37:20","modified_gmt":"2025-07-15T10:37:20","slug":"laszlo-marton","status":"publish","type":"product","link":"https:\/\/uj.adatbank.ro\/lexikon\/termek\/laszlo-marton\/","title":{"rendered":"L\u00c1SZL\u00d3 M\u00e1rton"},"content":{"rendered":"<p>?.\u2020 ?: birtokos. \u2013 Mez\u0151madarasi szabadrend\u0171 sz\u00e9kely ad\u00f3z\u00f3 birtokos volt (1713). <br \/><strong>Irod.:<\/strong> Mez\u0151madaras<\/br><\/p>\n","protected":false},"excerpt":{"rendered":"<p>?.\u2020 ?: birtokos. \u2013 Mez\u0151madarasi szabadrend\u0171 sz\u00e9kely ad\u00f3z\u00f3 birtokos volt (1713). Irod.: Mez\u0151madaras<\/p>\n","protected":false},"featured_media":0,"comment_status":"open","ping_status":"closed","template":"","meta":[],"product_brand":[],"product_cat":[137],"product_tag":[],"class_list":{"0":"post-13703","1":"product","2":"type-product","3":"status-publish","5":"product_cat-maros-megyei-eletrajzi-lexikon","7":"first","8":"instock","9":"shipping-taxable","10":"product-type-simple"},"_links":{"self":[{"href":"https:\/\/uj.adatbank.ro\/lexikon\/wp-json\/wp\/v2\/product\/13703","targetHints":{"allow":["GET"]}}],"collection":[{"href":"https:\/\/uj.adatbank.ro\/lexikon\/wp-json\/wp\/v2\/product"}],"about":[{"href":"https:\/\/uj.adatbank.ro\/lexikon\/wp-json\/wp\/v2\/types\/product"}],"replies":[{"embeddable":true,"href":"https:\/\/uj.adatbank.ro\/lexikon\/wp-json\/wp\/v2\/comments?post=13703"}],"wp:attachment":[{"href":"https:\/\/uj.adatbank.ro\/lexikon\/wp-json\/wp\/v2\/media?parent=13703"}],"wp:term":[{"taxonomy":"product_brand","embeddable":true,"href":"https:\/\/uj.adatbank.ro\/lexikon\/wp-json\/wp\/v2\/product_brand?post=13703"},{"taxonomy":"product_cat","embeddable":true,"href":"https:\/\/uj.adatbank.ro\/lexikon\/wp-json\/wp\/v2\/product_cat?post=13703"},{"taxonomy":"product_tag","embeddable":true,"href":"https:\/\/uj.adatbank.ro\/lexikon\/wp-json\/wp\/v2\/product_tag?post=13703"}],"curies":[{"name":"wp","href":"https:\/\/api.w.org\/{rel}","templated":true}]}}