{"id":13705,"date":"2025-07-15T12:37:23","date_gmt":"2025-07-15T10:37:23","guid":{"rendered":"https:\/\/uj.adatbank.ro\/lexikon\/termek\/laszlo-mihaly-gegesi\/"},"modified":"2025-07-15T12:37:23","modified_gmt":"2025-07-15T10:37:23","slug":"laszlo-mihaly-gegesi","status":"publish","type":"product","link":"https:\/\/uj.adatbank.ro\/lexikon\/termek\/laszlo-mihaly-gegesi\/","title":{"rendered":"L\u00c1SZL\u00d3 Mih\u00e1ly, gegesi"},"content":{"rendered":"<p>? \u2020\u00a0?\u00a0: prixid\u00e1rius. \u2013 A gegesi csal\u00e1d tagjak\u00e9nt nyert prixi\u00e1risi v. prixid\u00e1riusi levelet (1608. j\u00fan. 10.). <br \/><strong>Irod.:<\/strong> P\u00e1lmay<\/br><\/p>\n","protected":false},"excerpt":{"rendered":"<p>? \u2020\u00a0?\u00a0: prixid\u00e1rius. \u2013 A gegesi csal\u00e1d tagjak\u00e9nt nyert prixi\u00e1risi v. prixid\u00e1riusi levelet (1608. j\u00fan. 10.). Irod.: P\u00e1lmay<\/p>\n","protected":false},"featured_media":0,"comment_status":"open","ping_status":"closed","template":"","meta":[],"product_brand":[],"product_cat":[137],"product_tag":[],"class_list":{"0":"post-13705","1":"product","2":"type-product","3":"status-publish","5":"product_cat-maros-megyei-eletrajzi-lexikon","7":"first","8":"instock","9":"shipping-taxable","10":"product-type-simple"},"_links":{"self":[{"href":"https:\/\/uj.adatbank.ro\/lexikon\/wp-json\/wp\/v2\/product\/13705","targetHints":{"allow":["GET"]}}],"collection":[{"href":"https:\/\/uj.adatbank.ro\/lexikon\/wp-json\/wp\/v2\/product"}],"about":[{"href":"https:\/\/uj.adatbank.ro\/lexikon\/wp-json\/wp\/v2\/types\/product"}],"replies":[{"embeddable":true,"href":"https:\/\/uj.adatbank.ro\/lexikon\/wp-json\/wp\/v2\/comments?post=13705"}],"wp:attachment":[{"href":"https:\/\/uj.adatbank.ro\/lexikon\/wp-json\/wp\/v2\/media?parent=13705"}],"wp:term":[{"taxonomy":"product_brand","embeddable":true,"href":"https:\/\/uj.adatbank.ro\/lexikon\/wp-json\/wp\/v2\/product_brand?post=13705"},{"taxonomy":"product_cat","embeddable":true,"href":"https:\/\/uj.adatbank.ro\/lexikon\/wp-json\/wp\/v2\/product_cat?post=13705"},{"taxonomy":"product_tag","embeddable":true,"href":"https:\/\/uj.adatbank.ro\/lexikon\/wp-json\/wp\/v2\/product_tag?post=13705"}],"curies":[{"name":"wp","href":"https:\/\/api.w.org\/{rel}","templated":true}]}}