{"id":13706,"date":"2025-07-15T12:37:24","date_gmt":"2025-07-15T10:37:24","guid":{"rendered":"https:\/\/uj.adatbank.ro\/lexikon\/termek\/laszlo-p-denes\/"},"modified":"2025-07-15T12:37:24","modified_gmt":"2025-07-15T10:37:24","slug":"laszlo-p-denes","status":"publish","type":"product","link":"https:\/\/uj.adatbank.ro\/lexikon\/termek\/laszlo-p-denes\/","title":{"rendered":"L\u00c1SZL\u00d3 P. D\u00e9nes"},"content":{"rendered":"<p>Gyulakuta, 1912. dec. 18., \u2020\u00a0Rivna, 1944. m\u00e1j. 16.: honv\u00e9d.- Cs\u00e1sz\u00e1r Katalin fia. \u2013 Az 57\/III. z\u00e1szl\u00f3alj, neh\u00e9zfegyversz\u00e1zad honv\u00e9dje. Fejl\u00f6v\u00e9s okozta hal\u00e1l\u00e1t. <br \/><strong>Irod.:<\/strong> Berekm\u00e9ri 2015<\/br><\/p>\n","protected":false},"excerpt":{"rendered":"<p>Gyulakuta, 1912. dec. 18., \u2020\u00a0Rivna, 1944. m\u00e1j. 16.: honv\u00e9d.- Cs\u00e1sz\u00e1r Katalin fia. \u2013 Az 57\/III. z\u00e1szl\u00f3alj, neh\u00e9zfegyversz\u00e1zad honv\u00e9dje. Fejl\u00f6v\u00e9s okozta hal\u00e1l\u00e1t. Irod.: Berekm\u00e9ri 2015<\/p>\n","protected":false},"featured_media":0,"comment_status":"open","ping_status":"closed","template":"","meta":[],"product_brand":[],"product_cat":[137],"product_tag":[],"class_list":{"0":"post-13706","1":"product","2":"type-product","3":"status-publish","5":"product_cat-maros-megyei-eletrajzi-lexikon","7":"first","8":"instock","9":"shipping-taxable","10":"product-type-simple"},"_links":{"self":[{"href":"https:\/\/uj.adatbank.ro\/lexikon\/wp-json\/wp\/v2\/product\/13706","targetHints":{"allow":["GET"]}}],"collection":[{"href":"https:\/\/uj.adatbank.ro\/lexikon\/wp-json\/wp\/v2\/product"}],"about":[{"href":"https:\/\/uj.adatbank.ro\/lexikon\/wp-json\/wp\/v2\/types\/product"}],"replies":[{"embeddable":true,"href":"https:\/\/uj.adatbank.ro\/lexikon\/wp-json\/wp\/v2\/comments?post=13706"}],"wp:attachment":[{"href":"https:\/\/uj.adatbank.ro\/lexikon\/wp-json\/wp\/v2\/media?parent=13706"}],"wp:term":[{"taxonomy":"product_brand","embeddable":true,"href":"https:\/\/uj.adatbank.ro\/lexikon\/wp-json\/wp\/v2\/product_brand?post=13706"},{"taxonomy":"product_cat","embeddable":true,"href":"https:\/\/uj.adatbank.ro\/lexikon\/wp-json\/wp\/v2\/product_cat?post=13706"},{"taxonomy":"product_tag","embeddable":true,"href":"https:\/\/uj.adatbank.ro\/lexikon\/wp-json\/wp\/v2\/product_tag?post=13706"}],"curies":[{"name":"wp","href":"https:\/\/api.w.org\/{rel}","templated":true}]}}