{"id":13707,"date":"2025-07-15T12:37:25","date_gmt":"2025-07-15T10:37:25","guid":{"rendered":"https:\/\/uj.adatbank.ro\/lexikon\/termek\/laszlo-peter-gegesi\/"},"modified":"2025-07-15T12:37:25","modified_gmt":"2025-07-15T10:37:25","slug":"laszlo-peter-gegesi","status":"publish","type":"product","link":"https:\/\/uj.adatbank.ro\/lexikon\/termek\/laszlo-peter-gegesi\/","title":{"rendered":"L\u00c1SZL\u00d3 P\u00e9ter, gegesi"},"content":{"rendered":"<p>? \u2020\u00a0?: prixid\u00e1rius. \u2013 A csal\u00e1db\u00f3l nemeslevelet nyert (gyalogoss\u00e1got) (1608. j\u00fan. 10.); c\u00edmeres nemeslevelet kapott M\u00e1ria Ter\u00e9zi\u00e1t\u00f3l. <br \/><strong>Irod.:<\/strong> Kempelen; Nagy Iv\u00e1n; P\u00e1lmay<\/br><\/p>\n","protected":false},"excerpt":{"rendered":"<p>? \u2020\u00a0?: prixid\u00e1rius. \u2013 A csal\u00e1db\u00f3l nemeslevelet nyert (gyalogoss\u00e1got) (1608. j\u00fan. 10.); c\u00edmeres nemeslevelet kapott M\u00e1ria Ter\u00e9zi\u00e1t\u00f3l. Irod.: Kempelen; Nagy Iv\u00e1n; P\u00e1lmay<\/p>\n","protected":false},"featured_media":0,"comment_status":"open","ping_status":"closed","template":"","meta":[],"product_brand":[],"product_cat":[137],"product_tag":[],"class_list":{"0":"post-13707","1":"product","2":"type-product","3":"status-publish","5":"product_cat-maros-megyei-eletrajzi-lexikon","7":"first","8":"instock","9":"shipping-taxable","10":"product-type-simple"},"_links":{"self":[{"href":"https:\/\/uj.adatbank.ro\/lexikon\/wp-json\/wp\/v2\/product\/13707","targetHints":{"allow":["GET"]}}],"collection":[{"href":"https:\/\/uj.adatbank.ro\/lexikon\/wp-json\/wp\/v2\/product"}],"about":[{"href":"https:\/\/uj.adatbank.ro\/lexikon\/wp-json\/wp\/v2\/types\/product"}],"replies":[{"embeddable":true,"href":"https:\/\/uj.adatbank.ro\/lexikon\/wp-json\/wp\/v2\/comments?post=13707"}],"wp:attachment":[{"href":"https:\/\/uj.adatbank.ro\/lexikon\/wp-json\/wp\/v2\/media?parent=13707"}],"wp:term":[{"taxonomy":"product_brand","embeddable":true,"href":"https:\/\/uj.adatbank.ro\/lexikon\/wp-json\/wp\/v2\/product_brand?post=13707"},{"taxonomy":"product_cat","embeddable":true,"href":"https:\/\/uj.adatbank.ro\/lexikon\/wp-json\/wp\/v2\/product_cat?post=13707"},{"taxonomy":"product_tag","embeddable":true,"href":"https:\/\/uj.adatbank.ro\/lexikon\/wp-json\/wp\/v2\/product_tag?post=13707"}],"curies":[{"name":"wp","href":"https:\/\/api.w.org\/{rel}","templated":true}]}}