{"id":13710,"date":"2025-07-15T12:37:31","date_gmt":"2025-07-15T10:37:31","guid":{"rendered":"https:\/\/uj.adatbank.ro\/lexikon\/termek\/laszlo-samu\/"},"modified":"2025-07-15T12:37:31","modified_gmt":"2025-07-15T10:37:31","slug":"laszlo-samu","status":"publish","type":"product","link":"https:\/\/uj.adatbank.ro\/lexikon\/termek\/laszlo-samu\/","title":{"rendered":"L\u00c1SZL\u00d3 Samu"},"content":{"rendered":"<p>? \u2020\u00a0?: sz\u00edjgy\u00e1rt\u00f3 mester.- Mv.-en m\u0171k\u00f6d\u00f6tt. A b\u00e9csi ipari ki\u00e1ll\u00edt\u00e1son d\u00edcs\u00e9r\u0151 oklevelet nyert (1873). <br \/><strong>Irod.:<\/strong> Id\u0151t\u00e1r 2<\/br><\/p>\n","protected":false},"excerpt":{"rendered":"<p>? \u2020\u00a0?: sz\u00edjgy\u00e1rt\u00f3 mester.- Mv.-en m\u0171k\u00f6d\u00f6tt. A b\u00e9csi ipari ki\u00e1ll\u00edt\u00e1son d\u00edcs\u00e9r\u0151 oklevelet nyert (1873). Irod.: Id\u0151t\u00e1r 2<\/p>\n","protected":false},"featured_media":0,"comment_status":"open","ping_status":"closed","template":"","meta":[],"product_brand":[],"product_cat":[137],"product_tag":[],"class_list":{"0":"post-13710","1":"product","2":"type-product","3":"status-publish","5":"product_cat-maros-megyei-eletrajzi-lexikon","7":"first","8":"instock","9":"shipping-taxable","10":"product-type-simple"},"_links":{"self":[{"href":"https:\/\/uj.adatbank.ro\/lexikon\/wp-json\/wp\/v2\/product\/13710","targetHints":{"allow":["GET"]}}],"collection":[{"href":"https:\/\/uj.adatbank.ro\/lexikon\/wp-json\/wp\/v2\/product"}],"about":[{"href":"https:\/\/uj.adatbank.ro\/lexikon\/wp-json\/wp\/v2\/types\/product"}],"replies":[{"embeddable":true,"href":"https:\/\/uj.adatbank.ro\/lexikon\/wp-json\/wp\/v2\/comments?post=13710"}],"wp:attachment":[{"href":"https:\/\/uj.adatbank.ro\/lexikon\/wp-json\/wp\/v2\/media?parent=13710"}],"wp:term":[{"taxonomy":"product_brand","embeddable":true,"href":"https:\/\/uj.adatbank.ro\/lexikon\/wp-json\/wp\/v2\/product_brand?post=13710"},{"taxonomy":"product_cat","embeddable":true,"href":"https:\/\/uj.adatbank.ro\/lexikon\/wp-json\/wp\/v2\/product_cat?post=13710"},{"taxonomy":"product_tag","embeddable":true,"href":"https:\/\/uj.adatbank.ro\/lexikon\/wp-json\/wp\/v2\/product_tag?post=13710"}],"curies":[{"name":"wp","href":"https:\/\/api.w.org\/{rel}","templated":true}]}}