{"id":13712,"date":"2025-07-15T12:37:34","date_gmt":"2025-07-15T10:37:34","guid":{"rendered":"https:\/\/uj.adatbank.ro\/lexikon\/termek\/laszlo-sandor-2\/"},"modified":"2025-07-15T12:37:34","modified_gmt":"2025-07-15T10:37:34","slug":"laszlo-sandor-2","status":"publish","type":"product","link":"https:\/\/uj.adatbank.ro\/lexikon\/termek\/laszlo-sandor-2\/","title":{"rendered":"L\u00c1SZL\u00d3 S\u00e1ndor"},"content":{"rendered":"<p>Cs\u00edkszentkir\u00e1ly, 1919. febr. 19., \u2020\u00a0Sz\u00e1szr\u00e9gen, 2001. j\u00fal. 30.:r. k. pap. \u2013 Cs\u00edkszered\u00e1ban, Temesv\u00e1ron \u00e9s Kv.-on tanult. Kv.-on szentelt\u00e9k papp\u00e1 (1944. m\u00e1j. 18.). K\u00e1pl\u00e1n Lemh\u00e9nyben, K\u00e9zdiszentkereszten \u00e9s Sz\u00e1szr\u00e9genben. Lelkip\u00e1sztor Kir\u00e1lyb\u00e1nya-Gov\u00e1sdi\u00e1n (1952). Pl\u00e9b\u00e1nos Gyimesb\u00fckk\u00f6n, Teker\u0151patakon (1981). <br \/><strong>Irod.:<\/strong> Ferenczi S\u00e1ndor 2009<\/br><\/p>\n","protected":false},"excerpt":{"rendered":"<p>Cs\u00edkszentkir\u00e1ly, 1919. febr. 19., \u2020\u00a0Sz\u00e1szr\u00e9gen, 2001. j\u00fal. 30.:r. k. pap. \u2013 Cs\u00edkszered\u00e1ban, Temesv\u00e1ron \u00e9s Kv.-on tanult. Kv.-on szentelt\u00e9k papp\u00e1 (1944. m\u00e1j. 18.). K\u00e1pl\u00e1n Lemh\u00e9nyben, K\u00e9zdiszentkereszten \u00e9s Sz\u00e1szr\u00e9genben. Lelkip\u00e1sztor Kir\u00e1lyb\u00e1nya-Gov\u00e1sdi\u00e1n (1952). Pl\u00e9b\u00e1nos Gyimesb\u00fckk\u00f6n, Teker\u0151patakon (1981). Irod.: Ferenczi S\u00e1ndor 2009<\/p>\n","protected":false},"featured_media":0,"comment_status":"open","ping_status":"closed","template":"","meta":[],"product_brand":[],"product_cat":[137],"product_tag":[],"class_list":{"0":"post-13712","1":"product","2":"type-product","3":"status-publish","5":"product_cat-maros-megyei-eletrajzi-lexikon","7":"first","8":"instock","9":"shipping-taxable","10":"product-type-simple"},"_links":{"self":[{"href":"https:\/\/uj.adatbank.ro\/lexikon\/wp-json\/wp\/v2\/product\/13712","targetHints":{"allow":["GET"]}}],"collection":[{"href":"https:\/\/uj.adatbank.ro\/lexikon\/wp-json\/wp\/v2\/product"}],"about":[{"href":"https:\/\/uj.adatbank.ro\/lexikon\/wp-json\/wp\/v2\/types\/product"}],"replies":[{"embeddable":true,"href":"https:\/\/uj.adatbank.ro\/lexikon\/wp-json\/wp\/v2\/comments?post=13712"}],"wp:attachment":[{"href":"https:\/\/uj.adatbank.ro\/lexikon\/wp-json\/wp\/v2\/media?parent=13712"}],"wp:term":[{"taxonomy":"product_brand","embeddable":true,"href":"https:\/\/uj.adatbank.ro\/lexikon\/wp-json\/wp\/v2\/product_brand?post=13712"},{"taxonomy":"product_cat","embeddable":true,"href":"https:\/\/uj.adatbank.ro\/lexikon\/wp-json\/wp\/v2\/product_cat?post=13712"},{"taxonomy":"product_tag","embeddable":true,"href":"https:\/\/uj.adatbank.ro\/lexikon\/wp-json\/wp\/v2\/product_tag?post=13712"}],"curies":[{"name":"wp","href":"https:\/\/api.w.org\/{rel}","templated":true}]}}