{"id":13727,"date":"2025-07-15T12:38:05","date_gmt":"2025-07-15T10:38:05","guid":{"rendered":"https:\/\/uj.adatbank.ro\/lexikon\/termek\/laurentiu-eugen-emil-i-%c2%a7\/"},"modified":"2025-07-15T12:38:05","modified_gmt":"2025-07-15T10:38:05","slug":"laurentiu-eugen-emil-i-%c2%a7","status":"publish","type":"product","link":"https:\/\/uj.adatbank.ro\/lexikon\/termek\/laurentiu-eugen-emil-i-%c2%a7\/","title":{"rendered":"LAUREN\u0162IU, Eugen-Emil I., \u00a7"},"content":{"rendered":"<p>Marosszentkir\u00e1ly, 1911.,\u2020\u00a0? : tan\u00edt\u00f3, aligazgat\u00f3. \u2013 Tan\u00edtott : Panitban, Szentgeric\u00e9n, Marosszentann\u00e1n, N\u00e1zn\u00e1nfalv\u00e1n, Mv.-en a 2. sz. \u00c1ltal\u00e1nos Iskol\u00e1ban, a Papiu Ilarian Lic.-ban, \u00e9s a mv.-i  5. sz. valamint a 10. sz. \u00e1ltal\u00e1nos iskol\u00e1kban. <br \/><strong>Irod.:<\/strong> Dasc\u0103li mure\u015feni 4.; Omagiu<\/br><\/p>\n","protected":false},"excerpt":{"rendered":"<p>Marosszentkir\u00e1ly, 1911.,\u2020\u00a0? : tan\u00edt\u00f3, aligazgat\u00f3. \u2013 Tan\u00edtott : Panitban, Szentgeric\u00e9n, Marosszentann\u00e1n, N\u00e1zn\u00e1nfalv\u00e1n, Mv.-en a 2. sz. \u00c1ltal\u00e1nos Iskol\u00e1ban, a Papiu Ilarian Lic.-ban, \u00e9s a mv.-i 5. sz. valamint a 10. sz. \u00e1ltal\u00e1nos iskol\u00e1kban. Irod.: Dasc\u0103li mure\u015feni 4.; Omagiu<\/p>\n","protected":false},"featured_media":0,"comment_status":"open","ping_status":"closed","template":"","meta":[],"product_brand":[],"product_cat":[137],"product_tag":[],"class_list":{"0":"post-13727","1":"product","2":"type-product","3":"status-publish","5":"product_cat-maros-megyei-eletrajzi-lexikon","7":"first","8":"instock","9":"shipping-taxable","10":"product-type-simple"},"_links":{"self":[{"href":"https:\/\/uj.adatbank.ro\/lexikon\/wp-json\/wp\/v2\/product\/13727","targetHints":{"allow":["GET"]}}],"collection":[{"href":"https:\/\/uj.adatbank.ro\/lexikon\/wp-json\/wp\/v2\/product"}],"about":[{"href":"https:\/\/uj.adatbank.ro\/lexikon\/wp-json\/wp\/v2\/types\/product"}],"replies":[{"embeddable":true,"href":"https:\/\/uj.adatbank.ro\/lexikon\/wp-json\/wp\/v2\/comments?post=13727"}],"wp:attachment":[{"href":"https:\/\/uj.adatbank.ro\/lexikon\/wp-json\/wp\/v2\/media?parent=13727"}],"wp:term":[{"taxonomy":"product_brand","embeddable":true,"href":"https:\/\/uj.adatbank.ro\/lexikon\/wp-json\/wp\/v2\/product_brand?post=13727"},{"taxonomy":"product_cat","embeddable":true,"href":"https:\/\/uj.adatbank.ro\/lexikon\/wp-json\/wp\/v2\/product_cat?post=13727"},{"taxonomy":"product_tag","embeddable":true,"href":"https:\/\/uj.adatbank.ro\/lexikon\/wp-json\/wp\/v2\/product_tag?post=13727"}],"curies":[{"name":"wp","href":"https:\/\/api.w.org\/{rel}","templated":true}]}}