{"id":13732,"date":"2025-07-15T12:38:14","date_gmt":"2025-07-15T10:38:14","guid":{"rendered":"https:\/\/uj.adatbank.ro\/lexikon\/termek\/lavotta-karoly-%c2%a7-lakmanyuk-karoly\/"},"modified":"2025-07-15T12:38:14","modified_gmt":"2025-07-15T10:38:14","slug":"lavotta-karoly-%c2%a7-lakmanyuk-karoly","status":"publish","type":"product","link":"https:\/\/uj.adatbank.ro\/lexikon\/termek\/lavotta-karoly-%c2%a7-lakmanyuk-karoly\/","title":{"rendered":"LAVOTTA K\u00e1roly; \u00a7 Lakmanyuk K\u00e1roly"},"content":{"rendered":"<p>Kv., 1926.m\u00e1j. 22., \u2020 ? : sz\u00edn\u00e9sz, rendez\u0151.- A kv.-i BTE-en \u00e9s a M M\u0171v\u00e9szeti Int\u00e9zetben tanult, diplom\u00e1t a filol\u00f3giai kar m. nyelv \u00e9s irodalom szak\u00e1n szerzett (1955). A sepsiszentgy\u00f6rgyi \u00c1llami M. Sz\u00ednh\u00e1z (1953\u2013), a mv.-i \u00c1llami Sz\u00e9kely Sz\u00ednh\u00e1z (1954\u201366), azt k\u00f6vet\u0151en pedig nyugd\u00edjaz\u00e1s\u00e1ig (1981-ig) a nagyv\u00e1radi \u00c1llami Sz\u00ednh\u00e1z tagja volt. Dr\u00e1mai h\u0151s\u00f6ket \u00e9s intrikusokat alak\u00edtott. \u2013 <strong>F. sz.:<\/strong> Starbuck (Nash: Az es\u0151hoz\u00f3 ember); Proctor (Miller: A salemi boszork\u00e1nyok); Lennie (Steinbeck: Egerek \u00e9s emberek); Tip\u0103tescu (Caragiale: Az elveszett lev\u00e9l); Bellarmini b\u00edboros (Mar\u00f3ti L.: Az utols\u00f3 ut\u00e1ni \u00e9jszaka); Helpack (Wolf: Mamlock professzor); J\u00f3zsa Mih\u00e1ly (Illy\u00e9s Gyula: F\u00e1klyal\u00e1ng); F\u0151hadnagy (Horv\u00e1th \u00c1goston: Varga Katalin); Vag\u00e1ny (H.Kipphardt: Shakespeare kerestetik); Iv\u0103nu\u0163\u0103 (T.Vornic-I.Postelnicu: Felsz\u00e1ll a k\u00f6d); Hermann (A.Abuzov: M\u00e1sodik szerelem); Prim\u00e1s (Br\u00f3dy S\u00e1ndor: A tan\u00edt\u00f3n\u0151); M\u00e1ty\u00e1s, magyarok kir\u00e1lya (Heltai Jen\u0151: A n\u00e9ma levente); Szil\u00e1gyi Andr\u00e1s, kelyhestiszt (K\u00f3s K\u00e1roly: Budai Nagy Antal); Csongor (V\u00f6r\u00f6smarty M.: Csongor \u00e9s T\u00fcnde); Tak\u00e1cs B\u00e9la (Szab\u00f3 Lajos: Menek\u00fcl\u00e9s); Jevgenyij (M.Gorkij: Amir\u0151l nem besz\u00e9l\u00fcnk); Szab\u00f3 Imre, sz\u00edn\u00e9sz (E.Mirea-Kov\u00e1cs Gy.:Az utols\u00f3 vonat); Georges G\u0103ttescu (H.Lovinescu: A lerombolt fellegv\u00e1r); Hortensio (W. Shakespeare: A makrancos h\u00f6lgy); S\u00e1rk\u00f6zi Istv\u00e1n (M\u00e9liusz J\u00f3zsef: Nem olyan egyszer\u0171); Von Stumm, SS ezredes (Aurel Baranga: Diadal\u00edv); Haj\u00f3parancsnok (V.Visnyevszkij: Optimista trag\u00e9dia); Sava m\u00e9rn\u00f6k (C.Teodoru: Oroszl\u00e1nr\u00e9sz); Laguszev, gimn.-i igazgat\u00f3 (K.Trenyov: Gimnazist\u00e1k); Valvert vicomte (E.Rostand: Cyrano de Bergenac, a rom\u00e1n tagozaton: Ceasovnikov-tat\u0103l (Aleksandr Stein: Oceanul) , Didier (Jean Cocteau: Ma\u015fina de scris). <br \/><strong>Irod.:<\/strong> Ferencz\u2013Keresztes; A H\u00e9t \u00c9vk\u00f6nyve (1982); Horv\u00e1th Bea; K\u00e1ntor-K\u00f6t\u0151; Katona Szab\u00f3 Istv\u00e1n: Az \u00daj \u00c9let lexikona, 98. (\u00daj \u00c9let, 14. sz. 1974.)\u00a0; MSZL<\/br><\/p>\n","protected":false},"excerpt":{"rendered":"<p>Kv., 1926.m\u00e1j. 22., \u2020 ? : sz\u00edn\u00e9sz, rendez\u0151.- A kv.-i BTE-en \u00e9s a M M\u0171v\u00e9szeti Int\u00e9zetben tanult, diplom\u00e1t a filol\u00f3giai kar m. nyelv \u00e9s irodalom szak\u00e1n szerzett (1955). A sepsiszentgy\u00f6rgyi \u00c1llami M. Sz\u00ednh\u00e1z (1953\u2013), a mv.-i \u00c1llami Sz\u00e9kely Sz\u00ednh\u00e1z (1954\u201366), azt k\u00f6vet\u0151en pedig nyugd\u00edjaz\u00e1s\u00e1ig (1981-ig) a nagyv\u00e1radi \u00c1llami Sz\u00ednh\u00e1z tagja volt. Dr\u00e1mai h\u0151s\u00f6ket \u00e9s intrikusokat [&hellip;]<\/p>\n","protected":false},"featured_media":0,"comment_status":"open","ping_status":"closed","template":"","meta":[],"product_brand":[],"product_cat":[137],"product_tag":[],"class_list":{"0":"post-13732","1":"product","2":"type-product","3":"status-publish","5":"product_cat-maros-megyei-eletrajzi-lexikon","7":"first","8":"instock","9":"shipping-taxable","10":"product-type-simple"},"_links":{"self":[{"href":"https:\/\/uj.adatbank.ro\/lexikon\/wp-json\/wp\/v2\/product\/13732","targetHints":{"allow":["GET"]}}],"collection":[{"href":"https:\/\/uj.adatbank.ro\/lexikon\/wp-json\/wp\/v2\/product"}],"about":[{"href":"https:\/\/uj.adatbank.ro\/lexikon\/wp-json\/wp\/v2\/types\/product"}],"replies":[{"embeddable":true,"href":"https:\/\/uj.adatbank.ro\/lexikon\/wp-json\/wp\/v2\/comments?post=13732"}],"wp:attachment":[{"href":"https:\/\/uj.adatbank.ro\/lexikon\/wp-json\/wp\/v2\/media?parent=13732"}],"wp:term":[{"taxonomy":"product_brand","embeddable":true,"href":"https:\/\/uj.adatbank.ro\/lexikon\/wp-json\/wp\/v2\/product_brand?post=13732"},{"taxonomy":"product_cat","embeddable":true,"href":"https:\/\/uj.adatbank.ro\/lexikon\/wp-json\/wp\/v2\/product_cat?post=13732"},{"taxonomy":"product_tag","embeddable":true,"href":"https:\/\/uj.adatbank.ro\/lexikon\/wp-json\/wp\/v2\/product_tag?post=13732"}],"curies":[{"name":"wp","href":"https:\/\/api.w.org\/{rel}","templated":true}]}}