{"id":13733,"date":"2025-07-15T12:38:16","date_gmt":"2025-07-15T10:38:16","guid":{"rendered":"https:\/\/uj.adatbank.ro\/lexikon\/termek\/lax-imre\/"},"modified":"2025-07-15T12:38:16","modified_gmt":"2025-07-15T10:38:16","slug":"lax-imre","status":"publish","type":"product","link":"https:\/\/uj.adatbank.ro\/lexikon\/termek\/lax-imre\/","title":{"rendered":"LAX Imre"},"content":{"rendered":"<p>? \u2020\u00a0?: orvos, radiol\u00f3gus. \u2013 R\u00f6ntgenorvos \u00e9s egyetemi tan\u00e1r a mv.-i OGYI-ben. Izraelbe t\u00e1vozott az 1980-as \u00e9vek elej\u00e9n, ahol prof. lett a Hadassa Egyetemen. A Mv.-i Eg\u00e9zs\u00e9g\u00fcgyi technikumban is tan\u00edtott, a gyakorlati oktat\u00e1st v\u00e9gezte. Cikkei az Orvosi Hetilapban jelentek meg. <br \/><strong>Irod.:<\/strong> Dezs\u0151 Istv\u00e1n; Genersich, A mv.-i magyarnyelv\u0171 orvos- \u00e9s gy\u00f3gyszer\u00e9szk\u00e9pz\u00e9s 50 \u00e9ve<\/br><\/p>\n","protected":false},"excerpt":{"rendered":"<p>? \u2020\u00a0?: orvos, radiol\u00f3gus. \u2013 R\u00f6ntgenorvos \u00e9s egyetemi tan\u00e1r a mv.-i OGYI-ben. Izraelbe t\u00e1vozott az 1980-as \u00e9vek elej\u00e9n, ahol prof. lett a Hadassa Egyetemen. A Mv.-i Eg\u00e9zs\u00e9g\u00fcgyi technikumban is tan\u00edtott, a gyakorlati oktat\u00e1st v\u00e9gezte. Cikkei az Orvosi Hetilapban jelentek meg. Irod.: Dezs\u0151 Istv\u00e1n; Genersich, A mv.-i magyarnyelv\u0171 orvos- \u00e9s gy\u00f3gyszer\u00e9szk\u00e9pz\u00e9s 50 \u00e9ve<\/p>\n","protected":false},"featured_media":0,"comment_status":"open","ping_status":"closed","template":"","meta":[],"product_brand":[],"product_cat":[137],"product_tag":[],"class_list":{"0":"post-13733","1":"product","2":"type-product","3":"status-publish","5":"product_cat-maros-megyei-eletrajzi-lexikon","7":"first","8":"instock","9":"shipping-taxable","10":"product-type-simple"},"_links":{"self":[{"href":"https:\/\/uj.adatbank.ro\/lexikon\/wp-json\/wp\/v2\/product\/13733","targetHints":{"allow":["GET"]}}],"collection":[{"href":"https:\/\/uj.adatbank.ro\/lexikon\/wp-json\/wp\/v2\/product"}],"about":[{"href":"https:\/\/uj.adatbank.ro\/lexikon\/wp-json\/wp\/v2\/types\/product"}],"replies":[{"embeddable":true,"href":"https:\/\/uj.adatbank.ro\/lexikon\/wp-json\/wp\/v2\/comments?post=13733"}],"wp:attachment":[{"href":"https:\/\/uj.adatbank.ro\/lexikon\/wp-json\/wp\/v2\/media?parent=13733"}],"wp:term":[{"taxonomy":"product_brand","embeddable":true,"href":"https:\/\/uj.adatbank.ro\/lexikon\/wp-json\/wp\/v2\/product_brand?post=13733"},{"taxonomy":"product_cat","embeddable":true,"href":"https:\/\/uj.adatbank.ro\/lexikon\/wp-json\/wp\/v2\/product_cat?post=13733"},{"taxonomy":"product_tag","embeddable":true,"href":"https:\/\/uj.adatbank.ro\/lexikon\/wp-json\/wp\/v2\/product_tag?post=13733"}],"curies":[{"name":"wp","href":"https:\/\/api.w.org\/{rel}","templated":true}]}}