{"id":13738,"date":"2025-07-15T12:38:28","date_gmt":"2025-07-15T10:38:28","guid":{"rendered":"https:\/\/uj.adatbank.ro\/lexikon\/termek\/lazar-alajos\/"},"modified":"2025-07-15T12:38:28","modified_gmt":"2025-07-15T10:38:28","slug":"lazar-alajos","status":"publish","type":"product","link":"https:\/\/uj.adatbank.ro\/lexikon\/termek\/lazar-alajos\/","title":{"rendered":"L\u00c1Z\u00c1R Alajos"},"content":{"rendered":"<p>1786. jan. 30.,\u20201856. m\u00e1j. 7.: r. k. pap. \u2013 K\u00e1ptalani k\u00e1pl\u00e1n Gyulafeh\u00e9rv\u00e1ron. Pl\u00e9b\u00e1nos Kiskapuson, Szov\u00e1t\u00e1n (1816\u201321), Gyergy\u00f3csomafalv\u00e1n. <br \/><strong>Irod.:<\/strong> Ferenczi S\u00e1ndor 2009<\/br><\/p>\n","protected":false},"excerpt":{"rendered":"<p>1786. jan. 30.,\u20201856. m\u00e1j. 7.: r. k. pap. \u2013 K\u00e1ptalani k\u00e1pl\u00e1n Gyulafeh\u00e9rv\u00e1ron. Pl\u00e9b\u00e1nos Kiskapuson, Szov\u00e1t\u00e1n (1816\u201321), Gyergy\u00f3csomafalv\u00e1n. Irod.: Ferenczi S\u00e1ndor 2009<\/p>\n","protected":false},"featured_media":0,"comment_status":"open","ping_status":"closed","template":"","meta":[],"product_brand":[],"product_cat":[137],"product_tag":[],"class_list":{"0":"post-13738","1":"product","2":"type-product","3":"status-publish","5":"product_cat-maros-megyei-eletrajzi-lexikon","7":"first","8":"instock","9":"shipping-taxable","10":"product-type-simple"},"_links":{"self":[{"href":"https:\/\/uj.adatbank.ro\/lexikon\/wp-json\/wp\/v2\/product\/13738","targetHints":{"allow":["GET"]}}],"collection":[{"href":"https:\/\/uj.adatbank.ro\/lexikon\/wp-json\/wp\/v2\/product"}],"about":[{"href":"https:\/\/uj.adatbank.ro\/lexikon\/wp-json\/wp\/v2\/types\/product"}],"replies":[{"embeddable":true,"href":"https:\/\/uj.adatbank.ro\/lexikon\/wp-json\/wp\/v2\/comments?post=13738"}],"wp:attachment":[{"href":"https:\/\/uj.adatbank.ro\/lexikon\/wp-json\/wp\/v2\/media?parent=13738"}],"wp:term":[{"taxonomy":"product_brand","embeddable":true,"href":"https:\/\/uj.adatbank.ro\/lexikon\/wp-json\/wp\/v2\/product_brand?post=13738"},{"taxonomy":"product_cat","embeddable":true,"href":"https:\/\/uj.adatbank.ro\/lexikon\/wp-json\/wp\/v2\/product_cat?post=13738"},{"taxonomy":"product_tag","embeddable":true,"href":"https:\/\/uj.adatbank.ro\/lexikon\/wp-json\/wp\/v2\/product_tag?post=13738"}],"curies":[{"name":"wp","href":"https:\/\/api.w.org\/{rel}","templated":true}]}}