{"id":13745,"date":"2025-07-15T12:38:39","date_gmt":"2025-07-15T10:38:39","guid":{"rendered":"https:\/\/uj.adatbank.ro\/lexikon\/termek\/lazar-antal-nagyajtai\/"},"modified":"2025-07-15T12:38:39","modified_gmt":"2025-07-15T10:38:39","slug":"lazar-antal-nagyajtai","status":"publish","type":"product","link":"https:\/\/uj.adatbank.ro\/lexikon\/termek\/lazar-antal-nagyajtai\/","title":{"rendered":"L\u00c1Z\u00c1R Antal, nagyajtai"},"content":{"rendered":"<p>1817.,\u2020\u00a01849, temetve Mv. ref. temet\u0151ben m\u0171eml\u00e9k sir.: honv\u00e9d\u0151rnagy, h\u0151si halott. Val\u00f3sz\u00edn\u0171 nagyajtai L. S\u00e1muel f\u0151korm\u00e1nysz\u00e9ki tan\u00e1csos fia -P\u00e1lmay szerint. Harminck\u00e9t\u00e9ves kor\u00e1ban halt meg. <br \/><strong>Irod.:<\/strong> Csekme; P\u00e1lmay 2, 3<\/br><\/p>\n","protected":false},"excerpt":{"rendered":"<p>1817.,\u2020\u00a01849, temetve Mv. ref. temet\u0151ben m\u0171eml\u00e9k sir.: honv\u00e9d\u0151rnagy, h\u0151si halott. Val\u00f3sz\u00edn\u0171 nagyajtai L. S\u00e1muel f\u0151korm\u00e1nysz\u00e9ki tan\u00e1csos fia -P\u00e1lmay szerint. Harminck\u00e9t\u00e9ves kor\u00e1ban halt meg. Irod.: Csekme; P\u00e1lmay 2, 3<\/p>\n","protected":false},"featured_media":0,"comment_status":"open","ping_status":"closed","template":"","meta":[],"product_brand":[],"product_cat":[137],"product_tag":[],"class_list":{"0":"post-13745","1":"product","2":"type-product","3":"status-publish","5":"product_cat-maros-megyei-eletrajzi-lexikon","7":"first","8":"instock","9":"shipping-taxable","10":"product-type-simple"},"_links":{"self":[{"href":"https:\/\/uj.adatbank.ro\/lexikon\/wp-json\/wp\/v2\/product\/13745","targetHints":{"allow":["GET"]}}],"collection":[{"href":"https:\/\/uj.adatbank.ro\/lexikon\/wp-json\/wp\/v2\/product"}],"about":[{"href":"https:\/\/uj.adatbank.ro\/lexikon\/wp-json\/wp\/v2\/types\/product"}],"replies":[{"embeddable":true,"href":"https:\/\/uj.adatbank.ro\/lexikon\/wp-json\/wp\/v2\/comments?post=13745"}],"wp:attachment":[{"href":"https:\/\/uj.adatbank.ro\/lexikon\/wp-json\/wp\/v2\/media?parent=13745"}],"wp:term":[{"taxonomy":"product_brand","embeddable":true,"href":"https:\/\/uj.adatbank.ro\/lexikon\/wp-json\/wp\/v2\/product_brand?post=13745"},{"taxonomy":"product_cat","embeddable":true,"href":"https:\/\/uj.adatbank.ro\/lexikon\/wp-json\/wp\/v2\/product_cat?post=13745"},{"taxonomy":"product_tag","embeddable":true,"href":"https:\/\/uj.adatbank.ro\/lexikon\/wp-json\/wp\/v2\/product_tag?post=13745"}],"curies":[{"name":"wp","href":"https:\/\/api.w.org\/{rel}","templated":true}]}}