{"id":13746,"date":"2025-07-15T12:38:40","date_gmt":"2025-07-15T10:38:40","guid":{"rendered":"https:\/\/uj.adatbank.ro\/lexikon\/termek\/lazar-antal-szarhegyi-gr-lazar-anton\/"},"modified":"2025-07-15T12:38:40","modified_gmt":"2025-07-15T10:38:40","slug":"lazar-antal-szarhegyi-gr-lazar-anton","status":"publish","type":"product","link":"https:\/\/uj.adatbank.ro\/lexikon\/termek\/lazar-antal-szarhegyi-gr-lazar-anton\/","title":{"rendered":"L\u00c1Z\u00c1R Antal, sz\u00e1rhegyi gr., L\u00e1z\u00e1r Anton"},"content":{"rendered":"<p>Sz\u00e1szerked, 1731 k.,\u2020 Sz\u00e1szerked, 1783. j\u00fal. 4.: cs. \u00e9s kir. kamar\u00e1s. \u2013 L\u00e1szl\u00f3 (1707- Meggyesfalva, 1732. m\u00e1j. 7) \u00e9s g\u00f6ncruszkai Kornis Zsuzsa (Mv., 1708. j\u00fan. 18 \u2013 Meggyesfalva, 1741. szept. 16) fia. Feles\u00e9ge: csics\u00f3kereszt\u00fari Thorma \u00c9va, Thorma Mikl\u00f3s \u00e9s br. Sz\u00e1va Judit le\u00e1nya. Gyermekeik: Antal, L\u00e1szl\u00f3, J\u00f3zsef (\u2020 1819) Eleonora-J\u00f3sika Mikl\u00f3sn\u00e9. \u2013 F\u00f6ldbirtokos B\u00e1ldon \u00e9s Csehtelk\u00e9n (1785). Mv.-en polg\u00e1ri esk\u00fct tett (1772. aug. 25.) \u00e9s tulajdonnal rendelkezett (1786). A meggyesfalvi kast\u00e9lya fal\u00e1n az \u0151 \u00e9s feles\u00e9ge c\u00edmeres eml\u00e9kk\u00f6ve l\u00e1that\u00f3. Medgyesfalv\u00e1n a csal\u00e1dn\u00e1l ferencesek szolg\u00e1ltak (1760\u201398). <br \/><strong>Irod.:<\/strong> Bicsok-Orb\u00e1n; Bozac-Pavel; Gudenus; Gy\u00f6rgy: A ferencrendiek; Keresztes 1995; Nagy Iv\u00e1n; Orb\u00e1n J\u00e1nos: T\u00e1blab\u00edr\u00e1k, f\u0151nemesek, pall\u00e9rok \u00e9s h\u00e1zak: V\u00e1rosk\u00e9p \u00e9s t\u00e1rsadalom v\u00e1ltoz\u00e1sai Mv.-en a Kir\u00e1lyi T\u00e1bla bek\u00f6lt\u00f6z\u00e9se ut\u00e1n [1754]  =  K\u00f6nyvek \u00e1ltal; P\u00e1l-Antal 2009; P\u00e1lmay; S\u0103rma\u015fu<\/br><\/p>\n","protected":false},"excerpt":{"rendered":"<p>Sz\u00e1szerked, 1731 k.,\u2020 Sz\u00e1szerked, 1783. j\u00fal. 4.: cs. \u00e9s kir. kamar\u00e1s. \u2013 L\u00e1szl\u00f3 (1707- Meggyesfalva, 1732. m\u00e1j. 7) \u00e9s g\u00f6ncruszkai Kornis Zsuzsa (Mv., 1708. j\u00fan. 18 \u2013 Meggyesfalva, 1741. szept. 16) fia. Feles\u00e9ge: csics\u00f3kereszt\u00fari Thorma \u00c9va, Thorma Mikl\u00f3s \u00e9s br. Sz\u00e1va Judit le\u00e1nya. Gyermekeik: Antal, L\u00e1szl\u00f3, J\u00f3zsef (\u2020 1819) Eleonora-J\u00f3sika Mikl\u00f3sn\u00e9. \u2013 F\u00f6ldbirtokos B\u00e1ldon \u00e9s [&hellip;]<\/p>\n","protected":false},"featured_media":0,"comment_status":"open","ping_status":"closed","template":"","meta":[],"product_brand":[],"product_cat":[137],"product_tag":[],"class_list":{"0":"post-13746","1":"product","2":"type-product","3":"status-publish","5":"product_cat-maros-megyei-eletrajzi-lexikon","7":"first","8":"instock","9":"shipping-taxable","10":"product-type-simple"},"_links":{"self":[{"href":"https:\/\/uj.adatbank.ro\/lexikon\/wp-json\/wp\/v2\/product\/13746","targetHints":{"allow":["GET"]}}],"collection":[{"href":"https:\/\/uj.adatbank.ro\/lexikon\/wp-json\/wp\/v2\/product"}],"about":[{"href":"https:\/\/uj.adatbank.ro\/lexikon\/wp-json\/wp\/v2\/types\/product"}],"replies":[{"embeddable":true,"href":"https:\/\/uj.adatbank.ro\/lexikon\/wp-json\/wp\/v2\/comments?post=13746"}],"wp:attachment":[{"href":"https:\/\/uj.adatbank.ro\/lexikon\/wp-json\/wp\/v2\/media?parent=13746"}],"wp:term":[{"taxonomy":"product_brand","embeddable":true,"href":"https:\/\/uj.adatbank.ro\/lexikon\/wp-json\/wp\/v2\/product_brand?post=13746"},{"taxonomy":"product_cat","embeddable":true,"href":"https:\/\/uj.adatbank.ro\/lexikon\/wp-json\/wp\/v2\/product_cat?post=13746"},{"taxonomy":"product_tag","embeddable":true,"href":"https:\/\/uj.adatbank.ro\/lexikon\/wp-json\/wp\/v2\/product_tag?post=13746"}],"curies":[{"name":"wp","href":"https:\/\/api.w.org\/{rel}","templated":true}]}}