{"id":13748,"date":"2025-07-15T12:38:43","date_gmt":"2025-07-15T10:38:43","guid":{"rendered":"https:\/\/uj.adatbank.ro\/lexikon\/termek\/lazar-attila\/"},"modified":"2025-07-15T12:38:43","modified_gmt":"2025-07-15T10:38:43","slug":"lazar-attila","status":"publish","type":"product","link":"https:\/\/uj.adatbank.ro\/lexikon\/termek\/lazar-attila\/","title":{"rendered":"L\u00c1Z\u00c1R Attila"},"content":{"rendered":"<p>1909., \u2020\u00a0?: kert\u00e9sz. \u2013 Iskol\u00e1it Nagyteremiben v\u00e9gezte. Kert\u00e9sz lett, huzamosabb ideig seg\u00e9d, majd Mv.-en \u00f6n\u00e1ll\u00f3 (1938). <br \/><strong>Irod.:<\/strong> Sz\u00e9kelyf\u00f6ld \u00ed.k<\/br><\/p>\n","protected":false},"excerpt":{"rendered":"<p>1909., \u2020\u00a0?: kert\u00e9sz. \u2013 Iskol\u00e1it Nagyteremiben v\u00e9gezte. Kert\u00e9sz lett, huzamosabb ideig seg\u00e9d, majd Mv.-en \u00f6n\u00e1ll\u00f3 (1938). Irod.: Sz\u00e9kelyf\u00f6ld \u00ed.k<\/p>\n","protected":false},"featured_media":0,"comment_status":"open","ping_status":"closed","template":"","meta":[],"product_brand":[],"product_cat":[137],"product_tag":[],"class_list":{"0":"post-13748","1":"product","2":"type-product","3":"status-publish","5":"product_cat-maros-megyei-eletrajzi-lexikon","7":"first","8":"instock","9":"shipping-taxable","10":"product-type-simple"},"_links":{"self":[{"href":"https:\/\/uj.adatbank.ro\/lexikon\/wp-json\/wp\/v2\/product\/13748","targetHints":{"allow":["GET"]}}],"collection":[{"href":"https:\/\/uj.adatbank.ro\/lexikon\/wp-json\/wp\/v2\/product"}],"about":[{"href":"https:\/\/uj.adatbank.ro\/lexikon\/wp-json\/wp\/v2\/types\/product"}],"replies":[{"embeddable":true,"href":"https:\/\/uj.adatbank.ro\/lexikon\/wp-json\/wp\/v2\/comments?post=13748"}],"wp:attachment":[{"href":"https:\/\/uj.adatbank.ro\/lexikon\/wp-json\/wp\/v2\/media?parent=13748"}],"wp:term":[{"taxonomy":"product_brand","embeddable":true,"href":"https:\/\/uj.adatbank.ro\/lexikon\/wp-json\/wp\/v2\/product_brand?post=13748"},{"taxonomy":"product_cat","embeddable":true,"href":"https:\/\/uj.adatbank.ro\/lexikon\/wp-json\/wp\/v2\/product_cat?post=13748"},{"taxonomy":"product_tag","embeddable":true,"href":"https:\/\/uj.adatbank.ro\/lexikon\/wp-json\/wp\/v2\/product_tag?post=13748"}],"curies":[{"name":"wp","href":"https:\/\/api.w.org\/{rel}","templated":true}]}}