{"id":13749,"date":"2025-07-15T12:38:45","date_gmt":"2025-07-15T10:38:45","guid":{"rendered":"https:\/\/uj.adatbank.ro\/lexikon\/termek\/lazar-bela\/"},"modified":"2025-07-15T12:38:45","modified_gmt":"2025-07-15T10:38:45","slug":"lazar-bela","status":"publish","type":"product","link":"https:\/\/uj.adatbank.ro\/lexikon\/termek\/lazar-bela\/","title":{"rendered":"L\u00c1Z\u00c1R B\u00e9la"},"content":{"rendered":"<p>K\u00e9zdialm\u00e1s, 1863. \u00e1pr. 1.,\u2020 Sz\u00e1szv\u00e1ros, 1950. dec. 15.: r. k. pap. \u2013 Szepeshelyen tanult \u00e9s papp\u00e1 szentelt\u00e9k (1885. dec. 28). K\u00e1pl\u00e1n Popr\u00e1don, Igl\u00f3ban, L\u0151cs\u00e9n hitoktat\u00f3. K\u00e1pl\u00e1n Nagyszebenben. Pl\u00e9b\u00e1nos \u00e9s f\u0151esperes Segesv\u00e1ron (1919), nyugd\u00edjazt\u00e1k (1931). <br \/><strong>Irod.:<\/strong> Ferenczi S\u00e1ndor 2009<\/br><\/p>\n","protected":false},"excerpt":{"rendered":"<p>K\u00e9zdialm\u00e1s, 1863. \u00e1pr. 1.,\u2020 Sz\u00e1szv\u00e1ros, 1950. dec. 15.: r. k. pap. \u2013 Szepeshelyen tanult \u00e9s papp\u00e1 szentelt\u00e9k (1885. dec. 28). K\u00e1pl\u00e1n Popr\u00e1don, Igl\u00f3ban, L\u0151cs\u00e9n hitoktat\u00f3. K\u00e1pl\u00e1n Nagyszebenben. Pl\u00e9b\u00e1nos \u00e9s f\u0151esperes Segesv\u00e1ron (1919), nyugd\u00edjazt\u00e1k (1931). Irod.: Ferenczi S\u00e1ndor 2009<\/p>\n","protected":false},"featured_media":0,"comment_status":"open","ping_status":"closed","template":"","meta":[],"product_brand":[],"product_cat":[137],"product_tag":[],"class_list":{"0":"post-13749","1":"product","2":"type-product","3":"status-publish","5":"product_cat-maros-megyei-eletrajzi-lexikon","7":"first","8":"instock","9":"shipping-taxable","10":"product-type-simple"},"_links":{"self":[{"href":"https:\/\/uj.adatbank.ro\/lexikon\/wp-json\/wp\/v2\/product\/13749","targetHints":{"allow":["GET"]}}],"collection":[{"href":"https:\/\/uj.adatbank.ro\/lexikon\/wp-json\/wp\/v2\/product"}],"about":[{"href":"https:\/\/uj.adatbank.ro\/lexikon\/wp-json\/wp\/v2\/types\/product"}],"replies":[{"embeddable":true,"href":"https:\/\/uj.adatbank.ro\/lexikon\/wp-json\/wp\/v2\/comments?post=13749"}],"wp:attachment":[{"href":"https:\/\/uj.adatbank.ro\/lexikon\/wp-json\/wp\/v2\/media?parent=13749"}],"wp:term":[{"taxonomy":"product_brand","embeddable":true,"href":"https:\/\/uj.adatbank.ro\/lexikon\/wp-json\/wp\/v2\/product_brand?post=13749"},{"taxonomy":"product_cat","embeddable":true,"href":"https:\/\/uj.adatbank.ro\/lexikon\/wp-json\/wp\/v2\/product_cat?post=13749"},{"taxonomy":"product_tag","embeddable":true,"href":"https:\/\/uj.adatbank.ro\/lexikon\/wp-json\/wp\/v2\/product_tag?post=13749"}],"curies":[{"name":"wp","href":"https:\/\/api.w.org\/{rel}","templated":true}]}}