{"id":13752,"date":"2025-07-15T12:38:52","date_gmt":"2025-07-15T10:38:52","guid":{"rendered":"https:\/\/uj.adatbank.ro\/lexikon\/termek\/lazar-berta-szarhegyi-gr\/"},"modified":"2025-07-15T12:38:52","modified_gmt":"2025-07-15T10:38:52","slug":"lazar-berta-szarhegyi-gr","status":"publish","type":"product","link":"https:\/\/uj.adatbank.ro\/lexikon\/termek\/lazar-berta-szarhegyi-gr\/","title":{"rendered":"L\u00c1Z\u00c1R Berta, sz\u00e1rhegyi gr."},"content":{"rendered":"<p>Kelementelke, 1853. j\u00fal. 31., \u2020 Mv., 1940. szept. 10.: f\u00f6ldbirtokos. \u2013 L. K\u00e1lm\u00e1n (1827\u20131874) \u00e9s S\u00e1rdi Sim\u00e9n Am\u00e1lia (1835\u20131907) le\u00e1nya. \u2013 Irod. : Gudenus; P\u00e1lmay<\/br><\/p>\n","protected":false},"excerpt":{"rendered":"<p>Kelementelke, 1853. j\u00fal. 31., \u2020 Mv., 1940. szept. 10.: f\u00f6ldbirtokos. \u2013 L. K\u00e1lm\u00e1n (1827\u20131874) \u00e9s S\u00e1rdi Sim\u00e9n Am\u00e1lia (1835\u20131907) le\u00e1nya. \u2013 Irod. : Gudenus; P\u00e1lmay<\/p>\n","protected":false},"featured_media":0,"comment_status":"open","ping_status":"closed","template":"","meta":[],"product_brand":[],"product_cat":[137],"product_tag":[],"class_list":{"0":"post-13752","1":"product","2":"type-product","3":"status-publish","5":"product_cat-maros-megyei-eletrajzi-lexikon","7":"first","8":"instock","9":"shipping-taxable","10":"product-type-simple"},"_links":{"self":[{"href":"https:\/\/uj.adatbank.ro\/lexikon\/wp-json\/wp\/v2\/product\/13752","targetHints":{"allow":["GET"]}}],"collection":[{"href":"https:\/\/uj.adatbank.ro\/lexikon\/wp-json\/wp\/v2\/product"}],"about":[{"href":"https:\/\/uj.adatbank.ro\/lexikon\/wp-json\/wp\/v2\/types\/product"}],"replies":[{"embeddable":true,"href":"https:\/\/uj.adatbank.ro\/lexikon\/wp-json\/wp\/v2\/comments?post=13752"}],"wp:attachment":[{"href":"https:\/\/uj.adatbank.ro\/lexikon\/wp-json\/wp\/v2\/media?parent=13752"}],"wp:term":[{"taxonomy":"product_brand","embeddable":true,"href":"https:\/\/uj.adatbank.ro\/lexikon\/wp-json\/wp\/v2\/product_brand?post=13752"},{"taxonomy":"product_cat","embeddable":true,"href":"https:\/\/uj.adatbank.ro\/lexikon\/wp-json\/wp\/v2\/product_cat?post=13752"},{"taxonomy":"product_tag","embeddable":true,"href":"https:\/\/uj.adatbank.ro\/lexikon\/wp-json\/wp\/v2\/product_tag?post=13752"}],"curies":[{"name":"wp","href":"https:\/\/api.w.org\/{rel}","templated":true}]}}