{"id":13753,"date":"2025-07-15T12:38:53","date_gmt":"2025-07-15T10:38:53","guid":{"rendered":"https:\/\/uj.adatbank.ro\/lexikon\/termek\/lazar-berta-szarhegyi-gr-2\/"},"modified":"2025-07-15T12:38:53","modified_gmt":"2025-07-15T10:38:53","slug":"lazar-berta-szarhegyi-gr-2","status":"publish","type":"product","link":"https:\/\/uj.adatbank.ro\/lexikon\/termek\/lazar-berta-szarhegyi-gr-2\/","title":{"rendered":"L\u00c1Z\u00c1R Berta, sz\u00e1rhegyi gr."},"content":{"rendered":"<p>? \u2020 Mv., 1924. m\u00e1rc. 14.: \u00edr\u00f3, ford\u00edt\u00f3. \u2013 Novellaford\u00edt\u00e1sait k\u00f6z\u00f6lte a kv.-i Ellenz\u00e9k (1907). K\u00f6nyveit a mv.-i Kaszin\u00f3 k\u00f6nyvt\u00e1r\u00e1nak hagyta (1924). <br \/><strong>Irod.:<\/strong> Bi\u00e1s Istv\u00e1n; Guly\u00e1s; Gy\u00e1szjelent\u0151<\/br><\/p>\n","protected":false},"excerpt":{"rendered":"<p>? \u2020 Mv., 1924. m\u00e1rc. 14.: \u00edr\u00f3, ford\u00edt\u00f3. \u2013 Novellaford\u00edt\u00e1sait k\u00f6z\u00f6lte a kv.-i Ellenz\u00e9k (1907). K\u00f6nyveit a mv.-i Kaszin\u00f3 k\u00f6nyvt\u00e1r\u00e1nak hagyta (1924). Irod.: Bi\u00e1s Istv\u00e1n; Guly\u00e1s; Gy\u00e1szjelent\u0151<\/p>\n","protected":false},"featured_media":0,"comment_status":"open","ping_status":"closed","template":"","meta":[],"product_brand":[],"product_cat":[137],"product_tag":[],"class_list":{"0":"post-13753","1":"product","2":"type-product","3":"status-publish","5":"product_cat-maros-megyei-eletrajzi-lexikon","7":"first","8":"instock","9":"shipping-taxable","10":"product-type-simple"},"_links":{"self":[{"href":"https:\/\/uj.adatbank.ro\/lexikon\/wp-json\/wp\/v2\/product\/13753","targetHints":{"allow":["GET"]}}],"collection":[{"href":"https:\/\/uj.adatbank.ro\/lexikon\/wp-json\/wp\/v2\/product"}],"about":[{"href":"https:\/\/uj.adatbank.ro\/lexikon\/wp-json\/wp\/v2\/types\/product"}],"replies":[{"embeddable":true,"href":"https:\/\/uj.adatbank.ro\/lexikon\/wp-json\/wp\/v2\/comments?post=13753"}],"wp:attachment":[{"href":"https:\/\/uj.adatbank.ro\/lexikon\/wp-json\/wp\/v2\/media?parent=13753"}],"wp:term":[{"taxonomy":"product_brand","embeddable":true,"href":"https:\/\/uj.adatbank.ro\/lexikon\/wp-json\/wp\/v2\/product_brand?post=13753"},{"taxonomy":"product_cat","embeddable":true,"href":"https:\/\/uj.adatbank.ro\/lexikon\/wp-json\/wp\/v2\/product_cat?post=13753"},{"taxonomy":"product_tag","embeddable":true,"href":"https:\/\/uj.adatbank.ro\/lexikon\/wp-json\/wp\/v2\/product_tag?post=13753"}],"curies":[{"name":"wp","href":"https:\/\/api.w.org\/{rel}","templated":true}]}}