{"id":13755,"date":"2025-07-15T12:38:58","date_gmt":"2025-07-15T10:38:58","guid":{"rendered":"https:\/\/uj.adatbank.ro\/lexikon\/termek\/lazar-denes-szarhegyi-es-gyalakuti-gr\/"},"modified":"2025-07-15T12:38:58","modified_gmt":"2025-07-15T10:38:58","slug":"lazar-denes-szarhegyi-es-gyalakuti-gr","status":"publish","type":"product","link":"https:\/\/uj.adatbank.ro\/lexikon\/termek\/lazar-denes-szarhegyi-es-gyalakuti-gr\/","title":{"rendered":"L\u00c1Z\u00c1R D\u00e9nes, sz\u00e1rhegyi \u00e9s gyalakuti gr."},"content":{"rendered":"<p>Gyergy\u00f3sz\u00e1rhegy, 1816. febr. 27.,\u2020\u00a0Mv., 1881. febr. 23., Mosonba temett\u00e9k: honv\u00e9dezredes, dand\u00e1rparancsnok, a mv-i \u00e9s marossz\u00e9ki nemzet\u0151rs\u00e9g parancsnoka, mosoni birtokos \u2013 Gr. L. J\u00f3zsef (1782\u201365) cs. k. kamar\u00e1s, lovas sz\u00e1zados, \u00e9s P\u00e9chy Eszter fia. Testv\u00e9rei: L. Albert, L. Eszter- Bern\u00e1ld D\u00e9nesn\u00e9; L. M\u00f3r, feles\u00e9ge Barcsai Polix\u00e9nia. Feles\u00e9ge: 1. s\u00e1rdi Sim\u00e9n Johanna- Iv\u00e1nka (\u2020\u00a01849. aug. 11.), s\u00e1rdi Sim\u00e9ny Gy\u00f6rgy \u00e9s plankensteini br. Rauber R\u00f3za le\u00e1nya. (Esk\u00fcv\u0151: 1849. j\u00fal. 7. v. 10.); 2. gr. Rindsmaul Ad\u00e9l v Etelka (1838. j\u00fal.\u20131888. febr. 23), frauenheimbi \u00e9s neudeggi gr. Rindsmaul Adalbert \u00e9s sz\u00e9plaki Petrichevich-Horv\u00e1th Emilia, cs. kir. csillagk. h\u00f6lgy le\u00e1nya. (Esk\u00fcv\u0151: 1859. febr. 22.) Gyermekei: D\u00e9nes (\u20201872), Ad\u00e9l (1861\u2013) \u00e9s \u00c1d\u00e1m (1863\u20131905). \u2013 A b\u00e9csi katonai akad\u00e9mi\u00e1n tanult. Mint hadnagy Nagyv\u00e1radon \u00e1llom\u00e1sozott (1840 k) A katonai p\u00e1ly\u00e1t elhagyta \u00e1s M\u00e9hesen telepedett le. Mosonban, az elpusztult kast\u00e9ly tulajdonosa. Mv.-en szervezte a polg\u00e1r\u0151rs\u00e9get, \u00f6nk\u00e9ntes nemzet\u0151ri kapit\u00e1ny, a mv.-i M\u00e1ty\u00e1s husz\u00e1r soroz\u00f3 k\u00f6zpont vezet\u0151je, a lovas z\u00e1szl\u00f3alj egyik szervez\u0151je, egyik ker\u00fclet alkapit\u00e1nya (1848. \u00e1pr). A husz\u00e1rtoboroz\u00e1si akci\u00f3 vezet\u00e9s\u00e9vel b\u00edzta meg Berzenczey L\u00e1szl\u00f3 (1848. szept.). Az agyagfalvi gy\u0171l\u00e9sen a marosi sz\u00e9kelyek vez\u00e9re. A 1848\/49-es szabads\u00e1gharcban, mint dand\u00e1rvez\u00e9r m\u0171k\u00f6d\u00f6tt Radn\u00f3ton (1848. okt.)), Mv. megt\u00e1mad\u00e1sa ut\u00e1n (1848. nov. 5.) bujdosnia kellett. Majd ism\u00e9t visszat\u00e9rt Mv.-re ahol dand\u00e1rparancsnok \u00e9s a v\u00e1rnagy helyettese (1849. jan), t\u00e9rparancsnok, hat\u00e1sk\u00f6re Marossz\u00e9k ter\u00fclet\u00e9re is kiterjedt, ugyancsak parancsnoka a v\u00e1s\u00e1rhelyi \u00e9s sz\u00e9ki nemzeti \u0151rs\u00e9gnek, melyet febr. v\u00e9g\u00e9ig \u00fajj\u00e1szervezett; a vegyes stat\u00e1ri\u00e1lis b\u00edr\u00f3s\u00e1g eln\u00f6ke (1849. \u00e1pr.); \u0151 vezette a segesv\u00e1ri \u00fctk\u00f6zetbe indul\u00f3 nemzet\u0151rs\u00e9get (1849. j\u00fal 30). A szabads\u00e1gharc ut\u00e1n Pestre k\u00f6lt\u00f6z\u00f6tt. Eladta sz\u00e1szerkedi j\u00f3sz\u00e1g\u00e1t a serlingi kis birtokr\u00e9sszel egy\u00fctt gr\u00f3f L\u00e1z\u00e1r Mikl\u00f3snak (1858). \u2013 F.m. : Felsz\u00f3l\u00edt\u00e1s, hogy a t\u0171z\u00e9rs\u00e9gre aj\u00e1nlkoz\u00f3k n\u00e1la jelentkezzenek. Felsz\u00f3l\u00edt\u00e1s a sz\u00f3l\u0151kh\u00fcz. K\u00f6ny\u00f6rg\u00e9s a haz\u00e1\u00e9rt (Mv., 1849).-<br \/><strong>Irod.:<\/strong> Breit J\u00f3zsef: Mo. 1848\u201349 \u00e9vi f\u00fcggetlens\u00e9gi harc\u00e1nak katonai t\u00f6rt\u00e9nete (Bp., 1897\u201398); Dragomir, Silviu: Studii \u015fi documente privitoare la revolutia rom\u00e2nilor din Transilvania \u00een anii 1848\u201349 (Sibiu, 1944); Gudenus; Gy\u00e1szjelent\u0151; Id\u0151t\u00e1r 2; Keresztes 1995; Nagy Iv\u00e1n; P\u00e1lmay; Szinnyey<\/br><\/p>\n","protected":false},"excerpt":{"rendered":"<p>Gyergy\u00f3sz\u00e1rhegy, 1816. febr. 27.,\u2020\u00a0Mv., 1881. febr. 23., Mosonba temett\u00e9k: honv\u00e9dezredes, dand\u00e1rparancsnok, a mv-i \u00e9s marossz\u00e9ki nemzet\u0151rs\u00e9g parancsnoka, mosoni birtokos \u2013 Gr. L. J\u00f3zsef (1782\u201365) cs. k. kamar\u00e1s, lovas sz\u00e1zados, \u00e9s P\u00e9chy Eszter fia. Testv\u00e9rei: L. Albert, L. Eszter- Bern\u00e1ld D\u00e9nesn\u00e9; L. M\u00f3r, feles\u00e9ge Barcsai Polix\u00e9nia. Feles\u00e9ge: 1. s\u00e1rdi Sim\u00e9n Johanna- Iv\u00e1nka (\u2020\u00a01849. aug. 11.), s\u00e1rdi [&hellip;]<\/p>\n","protected":false},"featured_media":0,"comment_status":"open","ping_status":"closed","template":"","meta":[],"product_brand":[],"product_cat":[137],"product_tag":[],"class_list":{"0":"post-13755","1":"product","2":"type-product","3":"status-publish","5":"product_cat-maros-megyei-eletrajzi-lexikon","7":"first","8":"instock","9":"shipping-taxable","10":"product-type-simple"},"_links":{"self":[{"href":"https:\/\/uj.adatbank.ro\/lexikon\/wp-json\/wp\/v2\/product\/13755","targetHints":{"allow":["GET"]}}],"collection":[{"href":"https:\/\/uj.adatbank.ro\/lexikon\/wp-json\/wp\/v2\/product"}],"about":[{"href":"https:\/\/uj.adatbank.ro\/lexikon\/wp-json\/wp\/v2\/types\/product"}],"replies":[{"embeddable":true,"href":"https:\/\/uj.adatbank.ro\/lexikon\/wp-json\/wp\/v2\/comments?post=13755"}],"wp:attachment":[{"href":"https:\/\/uj.adatbank.ro\/lexikon\/wp-json\/wp\/v2\/media?parent=13755"}],"wp:term":[{"taxonomy":"product_brand","embeddable":true,"href":"https:\/\/uj.adatbank.ro\/lexikon\/wp-json\/wp\/v2\/product_brand?post=13755"},{"taxonomy":"product_cat","embeddable":true,"href":"https:\/\/uj.adatbank.ro\/lexikon\/wp-json\/wp\/v2\/product_cat?post=13755"},{"taxonomy":"product_tag","embeddable":true,"href":"https:\/\/uj.adatbank.ro\/lexikon\/wp-json\/wp\/v2\/product_tag?post=13755"}],"curies":[{"name":"wp","href":"https:\/\/api.w.org\/{rel}","templated":true}]}}