{"id":13757,"date":"2025-07-15T12:39:01","date_gmt":"2025-07-15T10:39:01","guid":{"rendered":"https:\/\/uj.adatbank.ro\/lexikon\/termek\/lazar-eleonora-gyergyoszarhegyi-gr-josika-miklosne\/"},"modified":"2025-07-15T12:39:01","modified_gmt":"2025-07-15T10:39:01","slug":"lazar-eleonora-gyergyoszarhegyi-gr-josika-miklosne","status":"publish","type":"product","link":"https:\/\/uj.adatbank.ro\/lexikon\/termek\/lazar-eleonora-gyergyoszarhegyi-gr-josika-miklosne\/","title":{"rendered":"L\u00c1Z\u00c1R Eleonora, gyergy\u00f3sz\u00e1rhegyi gr; J\u00f3sika Mikl\u00f3sn\u00e9"},"content":{"rendered":"<p>Meggyesfalva, 1771.,\u2020\u00a0Meggyesfalva, 1799. szept.29. Temetve a mv.-i Ferencrendi templom alatti s\u00edrboltban.: f\u00f6ldbirtokos. \u2013 L. Antal (1731\u20131783) \u00e9s csics\u00f3kereszt\u00fari Torma \u00c9va le\u00e1nya. F\u00e9rje:id. J\u00f3sika Mikl\u00f3s (\u2020 1824), aki az 1809-es nemesi felkel\u00e9s lovass\u00e1gi \u0151rnagya, k\u00f6nyvgy\u0171jt\u0151 volt (esk. 1789). T\u00edz\u00e9vi h\u00e1zass\u00e1g alatt 7 gyermek\u00fck sz\u00fcletett:J\u00f3sika Zsigmond, Roz\u00e1lia, Kata, Mikl\u00f3s az \u00edr\u00f3, Imre, Zsuzs\u00e1nna, Samu. <br \/><strong>Irod.:<\/strong> Bota, Sorina: A v\u00e1ros mes\u00e9i-\u00e9p\u00fcletek (Nagyszeben, 2011); Gudenus; Kr\u00f3n F\u00fcz (1936.17\/18) L\u00e1z\u00e1r csal\u00e1d; Mv.-i \u00f6rm\u00e9nyek; P\u00e1lmay; Sz\u00e1sz-Barab\u00e1s-Pusk\u00e1s<\/br><\/p>\n","protected":false},"excerpt":{"rendered":"<p>Meggyesfalva, 1771.,\u2020\u00a0Meggyesfalva, 1799. szept.29. Temetve a mv.-i Ferencrendi templom alatti s\u00edrboltban.: f\u00f6ldbirtokos. \u2013 L. Antal (1731\u20131783) \u00e9s csics\u00f3kereszt\u00fari Torma \u00c9va le\u00e1nya. F\u00e9rje:id. J\u00f3sika Mikl\u00f3s (\u2020 1824), aki az 1809-es nemesi felkel\u00e9s lovass\u00e1gi \u0151rnagya, k\u00f6nyvgy\u0171jt\u0151 volt (esk. 1789). T\u00edz\u00e9vi h\u00e1zass\u00e1g alatt 7 gyermek\u00fck sz\u00fcletett:J\u00f3sika Zsigmond, Roz\u00e1lia, Kata, Mikl\u00f3s az \u00edr\u00f3, Imre, Zsuzs\u00e1nna, Samu. Irod.: Bota, Sorina: [&hellip;]<\/p>\n","protected":false},"featured_media":0,"comment_status":"open","ping_status":"closed","template":"","meta":[],"product_brand":[],"product_cat":[137],"product_tag":[],"class_list":{"0":"post-13757","1":"product","2":"type-product","3":"status-publish","5":"product_cat-maros-megyei-eletrajzi-lexikon","7":"first","8":"instock","9":"shipping-taxable","10":"product-type-simple"},"_links":{"self":[{"href":"https:\/\/uj.adatbank.ro\/lexikon\/wp-json\/wp\/v2\/product\/13757","targetHints":{"allow":["GET"]}}],"collection":[{"href":"https:\/\/uj.adatbank.ro\/lexikon\/wp-json\/wp\/v2\/product"}],"about":[{"href":"https:\/\/uj.adatbank.ro\/lexikon\/wp-json\/wp\/v2\/types\/product"}],"replies":[{"embeddable":true,"href":"https:\/\/uj.adatbank.ro\/lexikon\/wp-json\/wp\/v2\/comments?post=13757"}],"wp:attachment":[{"href":"https:\/\/uj.adatbank.ro\/lexikon\/wp-json\/wp\/v2\/media?parent=13757"}],"wp:term":[{"taxonomy":"product_brand","embeddable":true,"href":"https:\/\/uj.adatbank.ro\/lexikon\/wp-json\/wp\/v2\/product_brand?post=13757"},{"taxonomy":"product_cat","embeddable":true,"href":"https:\/\/uj.adatbank.ro\/lexikon\/wp-json\/wp\/v2\/product_cat?post=13757"},{"taxonomy":"product_tag","embeddable":true,"href":"https:\/\/uj.adatbank.ro\/lexikon\/wp-json\/wp\/v2\/product_tag?post=13757"}],"curies":[{"name":"wp","href":"https:\/\/api.w.org\/{rel}","templated":true}]}}