{"id":13762,"date":"2025-07-15T12:39:14","date_gmt":"2025-07-15T10:39:14","guid":{"rendered":"https:\/\/uj.adatbank.ro\/lexikon\/termek\/lazar-ferenc\/"},"modified":"2025-07-15T12:39:14","modified_gmt":"2025-07-15T10:39:14","slug":"lazar-ferenc","status":"publish","type":"product","link":"https:\/\/uj.adatbank.ro\/lexikon\/termek\/lazar-ferenc\/","title":{"rendered":"L\u00c1Z\u00c1R Ferenc"},"content":{"rendered":"<p>1888 \u2020\u00a01905: f\u00f6ldbirtokos.- Sireml\u00e9ke \u2013 nem c\u00edmeres, a mv.-i ref. temet\u0151ben m\u0171eml\u00e9k.<br \/><strong>Irod.:<\/strong> Csekme<\/br><\/p>\n","protected":false},"excerpt":{"rendered":"<p>1888 \u2020\u00a01905: f\u00f6ldbirtokos.- Sireml\u00e9ke \u2013 nem c\u00edmeres, a mv.-i ref. temet\u0151ben m\u0171eml\u00e9k.Irod.: Csekme<\/p>\n","protected":false},"featured_media":0,"comment_status":"open","ping_status":"closed","template":"","meta":[],"product_brand":[],"product_cat":[137],"product_tag":[],"class_list":{"0":"post-13762","1":"product","2":"type-product","3":"status-publish","5":"product_cat-maros-megyei-eletrajzi-lexikon","7":"first","8":"instock","9":"shipping-taxable","10":"product-type-simple"},"_links":{"self":[{"href":"https:\/\/uj.adatbank.ro\/lexikon\/wp-json\/wp\/v2\/product\/13762","targetHints":{"allow":["GET"]}}],"collection":[{"href":"https:\/\/uj.adatbank.ro\/lexikon\/wp-json\/wp\/v2\/product"}],"about":[{"href":"https:\/\/uj.adatbank.ro\/lexikon\/wp-json\/wp\/v2\/types\/product"}],"replies":[{"embeddable":true,"href":"https:\/\/uj.adatbank.ro\/lexikon\/wp-json\/wp\/v2\/comments?post=13762"}],"wp:attachment":[{"href":"https:\/\/uj.adatbank.ro\/lexikon\/wp-json\/wp\/v2\/media?parent=13762"}],"wp:term":[{"taxonomy":"product_brand","embeddable":true,"href":"https:\/\/uj.adatbank.ro\/lexikon\/wp-json\/wp\/v2\/product_brand?post=13762"},{"taxonomy":"product_cat","embeddable":true,"href":"https:\/\/uj.adatbank.ro\/lexikon\/wp-json\/wp\/v2\/product_cat?post=13762"},{"taxonomy":"product_tag","embeddable":true,"href":"https:\/\/uj.adatbank.ro\/lexikon\/wp-json\/wp\/v2\/product_tag?post=13762"}],"curies":[{"name":"wp","href":"https:\/\/api.w.org\/{rel}","templated":true}]}}