{"id":13768,"date":"2025-07-15T12:39:25","date_gmt":"2025-07-15T10:39:25","guid":{"rendered":"https:\/\/uj.adatbank.ro\/lexikon\/termek\/lazar-gergely-vidradszegi\/"},"modified":"2025-07-15T12:39:25","modified_gmt":"2025-07-15T10:39:25","slug":"lazar-gergely-vidradszegi","status":"publish","type":"product","link":"https:\/\/uj.adatbank.ro\/lexikon\/termek\/lazar-gergely-vidradszegi\/","title":{"rendered":"L\u00c1Z\u00c1R Gergely, vidr\u00e1dszegi"},"content":{"rendered":"<p>1828.? \u2020 Mv., 1883. m\u00e1rc. 25.: keresked\u0151. \u2013 V\u00e1rtus L\u00e1z\u00e1r Zakari\u00e1s \u00e9s Krist\u00f3f Csojna Margit (1804\u20131895) fia. Testv\u00e9rei: L. Antal, J\u00e1nos, Rebi, M\u00e1ria, Margit. Feles\u00e9ge: Lootz Regina (1839\u20131904). Gyermekeik: K\u00e1roly (1860 -?), Albert, G\u00e1bor, Ger\u0151, Irma, G\u00e9za, Matild. <br \/><strong>Irod.:<\/strong> Gy\u00e1szjelent\u0151; Sz\u00e1va 2012<\/br><\/p>\n","protected":false},"excerpt":{"rendered":"<p>1828.? \u2020 Mv., 1883. m\u00e1rc. 25.: keresked\u0151. \u2013 V\u00e1rtus L\u00e1z\u00e1r Zakari\u00e1s \u00e9s Krist\u00f3f Csojna Margit (1804\u20131895) fia. Testv\u00e9rei: L. Antal, J\u00e1nos, Rebi, M\u00e1ria, Margit. Feles\u00e9ge: Lootz Regina (1839\u20131904). Gyermekeik: K\u00e1roly (1860 -?), Albert, G\u00e1bor, Ger\u0151, Irma, G\u00e9za, Matild. Irod.: Gy\u00e1szjelent\u0151; Sz\u00e1va 2012<\/p>\n","protected":false},"featured_media":0,"comment_status":"open","ping_status":"closed","template":"","meta":[],"product_brand":[],"product_cat":[137],"product_tag":[],"class_list":{"0":"post-13768","1":"product","2":"type-product","3":"status-publish","5":"product_cat-maros-megyei-eletrajzi-lexikon","7":"first","8":"instock","9":"shipping-taxable","10":"product-type-simple"},"_links":{"self":[{"href":"https:\/\/uj.adatbank.ro\/lexikon\/wp-json\/wp\/v2\/product\/13768","targetHints":{"allow":["GET"]}}],"collection":[{"href":"https:\/\/uj.adatbank.ro\/lexikon\/wp-json\/wp\/v2\/product"}],"about":[{"href":"https:\/\/uj.adatbank.ro\/lexikon\/wp-json\/wp\/v2\/types\/product"}],"replies":[{"embeddable":true,"href":"https:\/\/uj.adatbank.ro\/lexikon\/wp-json\/wp\/v2\/comments?post=13768"}],"wp:attachment":[{"href":"https:\/\/uj.adatbank.ro\/lexikon\/wp-json\/wp\/v2\/media?parent=13768"}],"wp:term":[{"taxonomy":"product_brand","embeddable":true,"href":"https:\/\/uj.adatbank.ro\/lexikon\/wp-json\/wp\/v2\/product_brand?post=13768"},{"taxonomy":"product_cat","embeddable":true,"href":"https:\/\/uj.adatbank.ro\/lexikon\/wp-json\/wp\/v2\/product_cat?post=13768"},{"taxonomy":"product_tag","embeddable":true,"href":"https:\/\/uj.adatbank.ro\/lexikon\/wp-json\/wp\/v2\/product_tag?post=13768"}],"curies":[{"name":"wp","href":"https:\/\/api.w.org\/{rel}","templated":true}]}}