{"id":13771,"date":"2025-07-15T12:39:34","date_gmt":"2025-07-15T10:39:34","guid":{"rendered":"https:\/\/uj.adatbank.ro\/lexikon\/termek\/lazar-gyorgy-gyalakuti\/"},"modified":"2025-07-15T12:39:34","modified_gmt":"2025-07-15T10:39:34","slug":"lazar-gyorgy-gyalakuti","status":"publish","type":"product","link":"https:\/\/uj.adatbank.ro\/lexikon\/termek\/lazar-gyorgy-gyalakuti\/","title":{"rendered":"L\u00c1Z\u00c1R Gy\u00f6rgy, gyalakuti"},"content":{"rendered":"<p>? \u2020\u00a01603, Sz\u00e9kely M\u00f3zes t\u00e1bor\u00e1ban: f\u00f6ldbirtokos. \u2013 L. Imre (\u20201569) marossz\u00e9ki f\u0151kir. b\u00edr\u00f3 \u00e9s Saf\u00e1ri (Sapharith) Krisztina v. Kata fia.- Sz\u00e9kely M\u00f3zes had\u00e1ban szolg\u00e1lt. B\u00e1thori Zsigmond rendelet\u00e9b\u0151l birtok\u00e1ba ker\u00fclt Bergenye (1587). <br \/><strong>Irod.:<\/strong> Basta; Remeteszeg; Nagy Iv\u00e1n<\/br><\/p>\n","protected":false},"excerpt":{"rendered":"<p>? \u2020\u00a01603, Sz\u00e9kely M\u00f3zes t\u00e1bor\u00e1ban: f\u00f6ldbirtokos. \u2013 L. Imre (\u20201569) marossz\u00e9ki f\u0151kir. b\u00edr\u00f3 \u00e9s Saf\u00e1ri (Sapharith) Krisztina v. Kata fia.- Sz\u00e9kely M\u00f3zes had\u00e1ban szolg\u00e1lt. B\u00e1thori Zsigmond rendelet\u00e9b\u0151l birtok\u00e1ba ker\u00fclt Bergenye (1587). Irod.: Basta; Remeteszeg; Nagy Iv\u00e1n<\/p>\n","protected":false},"featured_media":0,"comment_status":"open","ping_status":"closed","template":"","meta":[],"product_brand":[],"product_cat":[137],"product_tag":[],"class_list":{"0":"post-13771","1":"product","2":"type-product","3":"status-publish","5":"product_cat-maros-megyei-eletrajzi-lexikon","7":"first","8":"instock","9":"shipping-taxable","10":"product-type-simple"},"_links":{"self":[{"href":"https:\/\/uj.adatbank.ro\/lexikon\/wp-json\/wp\/v2\/product\/13771","targetHints":{"allow":["GET"]}}],"collection":[{"href":"https:\/\/uj.adatbank.ro\/lexikon\/wp-json\/wp\/v2\/product"}],"about":[{"href":"https:\/\/uj.adatbank.ro\/lexikon\/wp-json\/wp\/v2\/types\/product"}],"replies":[{"embeddable":true,"href":"https:\/\/uj.adatbank.ro\/lexikon\/wp-json\/wp\/v2\/comments?post=13771"}],"wp:attachment":[{"href":"https:\/\/uj.adatbank.ro\/lexikon\/wp-json\/wp\/v2\/media?parent=13771"}],"wp:term":[{"taxonomy":"product_brand","embeddable":true,"href":"https:\/\/uj.adatbank.ro\/lexikon\/wp-json\/wp\/v2\/product_brand?post=13771"},{"taxonomy":"product_cat","embeddable":true,"href":"https:\/\/uj.adatbank.ro\/lexikon\/wp-json\/wp\/v2\/product_cat?post=13771"},{"taxonomy":"product_tag","embeddable":true,"href":"https:\/\/uj.adatbank.ro\/lexikon\/wp-json\/wp\/v2\/product_tag?post=13771"}],"curies":[{"name":"wp","href":"https:\/\/api.w.org\/{rel}","templated":true}]}}